{"id":4741,"date":"2022-12-11T13:14:52","date_gmt":"2022-12-11T12:14:52","guid":{"rendered":"https:\/\/web.mandolinenorchester-hennef-kurscheid.de\/?page_id=4741"},"modified":"2025-12-17T16:43:28","modified_gmt":"2025-12-17T15:43:28","slug":"musikalische-leitung","status":"publish","type":"page","link":"https:\/\/web.mandolinenorchester-hennef-kurscheid.de\/?page_id=4741","title":{"rendered":"Musikalische Leitung"},"content":{"rendered":"\n<h2 class=\"wp-block-heading\" id=\"Anna-Burova\">Anna Burova<\/h2>\n\n\n\n<p>Ab 2024 liegt die musikalische Leitung des Orchesters bei <strong>Anna Burova<\/strong>, die an der Hochschule f\u00fcr Musik und Tanz (HfMT) K\u00f6ln den Studiengang &#8222;<a href=\"https:\/\/www.hfmt-koeln.de\/musik\/studiengaenge\/bachelor-of-music\/orchesterdirigieren-bachelor-of-music\/\" target=\"_blank\" rel=\"noreferrer noopener\">Bachelor of Music &#8211; Orchesterdirigieren<\/a>&#8220; abgeschlossen hat.<\/p>\n\n\n\n<figure class=\"wp-block-image size-full\"><img loading=\"lazy\" decoding=\"async\" width=\"1000\" height=\"1000\" src=\"https:\/\/web.mandolinenorchester-hennef-kurscheid.de\/wp-content\/uploads\/2025\/12\/2024-09-11-Anna-Burova-2-Portraet-klein.jpg\" alt=\"\" class=\"wp-image-5905\" srcset=\"https:\/\/web.mandolinenorchester-hennef-kurscheid.de\/wp-content\/uploads\/2025\/12\/2024-09-11-Anna-Burova-2-Portraet-klein.jpg 1000w, https:\/\/web.mandolinenorchester-hennef-kurscheid.de\/wp-content\/uploads\/2025\/12\/2024-09-11-Anna-Burova-2-Portraet-klein-300x300.jpg 300w, https:\/\/web.mandolinenorchester-hennef-kurscheid.de\/wp-content\/uploads\/2025\/12\/2024-09-11-Anna-Burova-2-Portraet-klein-150x150.jpg 150w, https:\/\/web.mandolinenorchester-hennef-kurscheid.de\/wp-content\/uploads\/2025\/12\/2024-09-11-Anna-Burova-2-Portraet-klein-768x768.jpg 768w, https:\/\/web.mandolinenorchester-hennef-kurscheid.de\/wp-content\/uploads\/2025\/12\/2024-09-11-Anna-Burova-2-Portraet-klein-100x100.jpg 100w\" sizes=\"auto, (max-width: 767px) 89vw, (max-width: 1000px) 54vw, (max-width: 1071px) 543px, 580px\" \/><\/figure>\n\n\n\n<p>Sie nahm an verschiedenen Meisterkursen teil  und organisierte bereits eine Reihe von sehr erfolgreichen Orchesterprojekten. Darunter auch das aus Studentinnen und Studenten der HfMT K\u00f6ln an den Standorten K\u00f6ln, Aachen und Wuppertal bestehende <em>Amalgam Orchester<\/em>, das vom Ministerium f\u00fcr Kultur und Wissenschaft des Landes Nordrhein-Westfalen gef\u00f6rdert wird. <\/p>\n\n\n\n\n\n<p>Wir sind sehr froh, dass wir Anna Burova als neue musikalische Leiterin unseres Orchesters gewinnen konnten!<\/p>\n\n\n\n<hr class=\"wp-block-separator has-alpha-channel-opacity\"\/>\n\n\n\n<h2 class=\"wp-block-heading\" id=\"Elke-Limbach\">Elke Limbach<\/h2>\n\n\n\n<p>Von 2007 &#8211; 2023 lag die musikalische Leitung des Orchesters in den H\u00e4nden von <strong><a aria-label=\" (opens in a new tab)\" class=\"ek-link\" href=\"https:\/\/elkelimbach.de\/\" target=\"_blank\" rel=\"noreferrer noopener\">Elke Limbach<\/a><\/strong>, die mit&nbsp;gro\u00dfem Talent, K\u00f6nnen und&nbsp;herausragender Professionalit\u00e4t das Orchester permanent forderte und sowohl Spieler als auch Zuh\u00f6rer immer wieder begeisterte. In dieser Zeit erweiterte sie das Repertoire um zahlreiche zeitgen\u00f6ssische Werke, in erster Linie Originalkompositionen f\u00fcr Zupforchester, aber auch von ihr eingerichtete moderne St\u00fccke.<\/p>\n\n\n\n<figure class=\"wp-block-image size-large\"><img loading=\"lazy\" decoding=\"async\" width=\"900\" height=\"1024\" src=\"https:\/\/web.mandolinenorchester-hennef-kurscheid.de\/wp-content\/uploads\/2024\/10\/Elke-Limbach-900x1024.jpg\" alt=\"\" class=\"wp-image-5436\" srcset=\"https:\/\/web.mandolinenorchester-hennef-kurscheid.de\/wp-content\/uploads\/2024\/10\/Elke-Limbach-900x1024.jpg 900w, https:\/\/web.mandolinenorchester-hennef-kurscheid.de\/wp-content\/uploads\/2024\/10\/Elke-Limbach-264x300.jpg 264w, https:\/\/web.mandolinenorchester-hennef-kurscheid.de\/wp-content\/uploads\/2024\/10\/Elke-Limbach-768x874.jpg 768w, https:\/\/web.mandolinenorchester-hennef-kurscheid.de\/wp-content\/uploads\/2024\/10\/Elke-Limbach-1349x1536.jpg 1349w, https:\/\/web.mandolinenorchester-hennef-kurscheid.de\/wp-content\/uploads\/2024\/10\/Elke-Limbach-1799x2048.jpg 1799w\" sizes=\"auto, (max-width: 767px) 89vw, (max-width: 1000px) 54vw, (max-width: 1071px) 543px, 580px\" \/><\/figure>\n\n\n\n<p>Bereits seit ihrer Kindheit ist <a aria-label=\" (opens in a new tab)\" class=\"ek-link\" href=\"https:\/\/elkelimbach.de\/\" target=\"_blank\" rel=\"noreferrer noopener\">Elke Limbach<\/a> der Zupfmusik und dem Mandolinenorchester verbunden, sodass aus einem Hobby eine berufliche Neuorientierung wurde. Nach Abschluss ihrer Dirigentenpr\u00fcfung im Jahr 2000 hat sie verschiedene Ensembles und Zupforchester geleitet. Ihre musikalische Arbeit ist von der Leidenschaft f\u00fcr die Zupfmusik und pers\u00f6nlichem Engagement gepr\u00e4gt, sodass \u00fcber Hennef hinaus viele Musikerinnen und Musiker, vor allem Kinder und Jugendliche f\u00fcr die Zupfmusik begeistert worden sind.<\/p>\n\n\n\n<hr class=\"wp-block-separator has-alpha-channel-opacity\"\/>\n\n\n\n<h2 class=\"wp-block-heading\" id=\"Albert-Seibert\">Albert Seibert<\/h2>\n\n\n\n<p>Albert Seibert hat das Orchester von 1983 bis 2007 geleitet und in dieser Zeit das musikalische Gesicht des Orchesters ver\u00e4ndert. <\/p>\n\n\n\n<figure class=\"wp-block-image size-large\"><img loading=\"lazy\" decoding=\"async\" width=\"900\" height=\"1024\" src=\"https:\/\/web.mandolinenorchester-hennef-kurscheid.de\/wp-content\/uploads\/2024\/10\/Albert-Seibert-900x1024.jpg\" alt=\"\" class=\"wp-image-5440\" srcset=\"https:\/\/web.mandolinenorchester-hennef-kurscheid.de\/wp-content\/uploads\/2024\/10\/Albert-Seibert-900x1024.jpg 900w, https:\/\/web.mandolinenorchester-hennef-kurscheid.de\/wp-content\/uploads\/2024\/10\/Albert-Seibert-264x300.jpg 264w, https:\/\/web.mandolinenorchester-hennef-kurscheid.de\/wp-content\/uploads\/2024\/10\/Albert-Seibert-768x874.jpg 768w, https:\/\/web.mandolinenorchester-hennef-kurscheid.de\/wp-content\/uploads\/2024\/10\/Albert-Seibert-1350x1536.jpg 1350w, https:\/\/web.mandolinenorchester-hennef-kurscheid.de\/wp-content\/uploads\/2024\/10\/Albert-Seibert.jpg 1559w\" sizes=\"auto, (max-width: 767px) 89vw, (max-width: 1000px) 54vw, (max-width: 1071px) 543px, 580px\" \/><\/figure>\n\n\n\n<p>Inspiriert durch Konzertst\u00fccke gro\u00dfer Meister richtete er diese eigens f\u00fcr das Mandolinenorchester ein, sodass auch Literatur gespielt wurde, die bisher in der Zupfmusik nicht zur Auff\u00fchrung gelangte. Hinzu kamen Neukompositionen f\u00fcr Zupfmusik und es erfolgte eine R\u00fcckbesinnung auf die Zupfmusik der Barockzeit. <\/p>\n\n\n\n<p>Unter seiner Leitung erlangte das Orchester gro\u00dfe Anerkennung dank seines musikalischen Sachverstands und seiner F\u00e4higkeit, Emotionen zu vermitteln. Seine Aufgabe ging \u00fcber die Konzertplanung hinaus, da er sich auch um das Wohl der Orchestermitglieder sorgte. Seine menschliche W\u00e4rme und der respektvolle Umgang mit den Musikern waren entscheidend f\u00fcr seinen Erfolg. Er hinterl\u00e4sst eine L\u00fccke in den Herzen aller, die ihn kannten. Sein musikalisches Erbe und seine freundliche, ermutigende Art werden unvergessen bleiben.<\/p>\n\n\n\n<hr class=\"wp-block-separator has-alpha-channel-opacity\"\/>\n\n\n\n<p>Zuvor wurde die musikalische Leitung des Orchesters wahrgenommen von:<\/p>\n\n\n\n<figure class=\"wp-block-table\"><table><thead><tr><th>Name<\/th><th>Zeitraum<\/th><\/tr><\/thead><tbody><tr><td>Josef Henseler<\/td><td>ab 1924<\/td><\/tr><tr><td>Theo Fa\u00dfbender<\/td><td><\/td><\/tr><tr><td>Hans Staffel<\/td><td><\/td><\/tr><tr><td>Peter Zens<\/td><td>~ 1964<\/td><\/tr><tr><td>Franz Borsari<\/td><td><\/td><\/tr><tr><td>Wilhelm Breuer<\/td><td><\/td><\/tr><tr><td>Hermann Willnecker<\/td><td><\/td><\/tr><tr><td>Rudolf Steinb\u00fcchel<\/td><td>1968 &#8211; 1982<\/td><\/tr><tr><td>Albert Seibert<\/td><td>1983 &#8211; 2007<\/td><\/tr><tr><td>Elke Limbach<\/td><td>2007 &#8211; 2012<\/td><\/tr><tr><td>Marisa Aramayo<\/td><td>2012 &#8211; 2013<\/td><\/tr><tr><td>Elke Limbach<\/td><td>2013 &#8211; 2023<\/td><\/tr><tr><td>Anna Burova<\/td><td>ab 2024<\/td><\/tr><\/tbody><\/table><\/figure>\n","protected":false},"excerpt":{"rendered":"<p>Anna Burova Ab 2024 liegt die musikalische Leitung des Orchesters bei Anna Burova, die an der Hochschule f\u00fcr Musik und Tanz (HfMT) K\u00f6ln den Studiengang &#8222;Bachelor of Music &#8211; Orchesterdirigieren&#8220; abgeschlossen hat. Sie nahm an verschiedenen Meisterkursen teil und organisierte bereits eine Reihe von sehr erfolgreichen Orchesterprojekten. Darunter auch das aus Studentinnen und Studenten der &hellip; <\/p>\n<p class=\"link-more\"><a href=\"https:\/\/web.mandolinenorchester-hennef-kurscheid.de\/?page_id=4741\" class=\"more-link\"><span class=\"screen-reader-text\">\u201eMusikalische Leitung\u201c <\/span>weiterlesen<\/a><\/p>\n","protected":false},"author":1,"featured_media":0,"parent":0,"menu_order":0,"comment_status":"closed","ping_status":"closed","template":"","meta":{"_editorskit_title_hidden":false,"_editorskit_reading_time":0,"_editorskit_is_block_options_detached":false,"_editorskit_block_options_position":"{}","inline_featured_image":false,"footnotes":""},"class_list":["post-4741","page","type-page","status-publish","hentry"],"yoast_head":"<!-- This site is optimized with the Yoast SEO plugin v27.4 - https:\/\/yoast.com\/product\/yoast-seo-wordpress\/ -->\n<title>Musikalische Leitung - Mandolinenorchester Hennef\u2011Kurscheid 1924 e.V.<\/title>\n<meta name=\"robots\" content=\"index, follow, max-snippet:-1, max-image-preview:large, max-video-preview:-1\" \/>\n<link rel=\"canonical\" href=\"https:\/\/web.mandolinenorchester-hennef-kurscheid.de\/?page_id=4741\" \/>\n<meta property=\"og:locale\" content=\"de_DE\" \/>\n<meta property=\"og:type\" content=\"article\" \/>\n<meta property=\"og:title\" content=\"Musikalische Leitung - Mandolinenorchester Hennef\u2011Kurscheid 1924 e.V.\" \/>\n<meta property=\"og:description\" content=\"Anna Burova Ab 2024 liegt die musikalische Leitung des Orchesters bei Anna Burova, die an der Hochschule f\u00fcr Musik und Tanz (HfMT) K\u00f6ln den Studiengang &#8222;Bachelor of Music &#8211; Orchesterdirigieren&#8220; abgeschlossen hat. Sie nahm an verschiedenen Meisterkursen teil und organisierte bereits eine Reihe von sehr erfolgreichen Orchesterprojekten. Darunter auch das aus Studentinnen und Studenten der &hellip; \u201eMusikalische Leitung\u201c weiterlesen\" \/>\n<meta property=\"og:url\" content=\"https:\/\/web.mandolinenorchester-hennef-kurscheid.de\/?page_id=4741\" \/>\n<meta property=\"og:site_name\" content=\"Mandolinenorchester Hennef\u2011Kurscheid 1924 e.V.\" \/>\n<meta property=\"article:modified_time\" content=\"2025-12-17T15:43:28+00:00\" \/>\n<meta property=\"og:image\" content=\"https:\/\/web.mandolinenorchester-hennef-kurscheid.de\/wp-content\/uploads\/2025\/12\/2024-09-11-Anna-Burova-2-Portraet-klein.jpg\" \/>\n\t<meta property=\"og:image:width\" content=\"1000\" \/>\n\t<meta property=\"og:image:height\" content=\"1000\" \/>\n\t<meta property=\"og:image:type\" content=\"image\/jpeg\" \/>\n<meta name=\"twitter:card\" content=\"summary_large_image\" \/>\n<meta name=\"twitter:label1\" content=\"Gesch\u00e4tzte Lesezeit\" \/>\n\t<meta name=\"twitter:data1\" content=\"4\u00a0Minuten\" \/>\n<script type=\"application\/ld+json\" class=\"yoast-schema-graph\">{\"@context\":\"https:\\\/\\\/schema.org\",\"@graph\":[{\"@type\":\"WebPage\",\"@id\":\"https:\\\/\\\/web.mandolinenorchester-hennef-kurscheid.de\\\/?page_id=4741\",\"url\":\"https:\\\/\\\/web.mandolinenorchester-hennef-kurscheid.de\\\/?page_id=4741\",\"name\":\"Musikalische Leitung - Mandolinenorchester Hennef\u2011Kurscheid 1924 e.V.\",\"isPartOf\":{\"@id\":\"https:\\\/\\\/web.mandolinenorchester-hennef-kurscheid.de\\\/#website\"},\"primaryImageOfPage\":{\"@id\":\"https:\\\/\\\/web.mandolinenorchester-hennef-kurscheid.de\\\/?page_id=4741#primaryimage\"},\"image\":{\"@id\":\"https:\\\/\\\/web.mandolinenorchester-hennef-kurscheid.de\\\/?page_id=4741#primaryimage\"},\"thumbnailUrl\":\"https:\\\/\\\/web.mandolinenorchester-hennef-kurscheid.de\\\/wp-content\\\/uploads\\\/2025\\\/12\\\/2024-09-11-Anna-Burova-2-Portraet-klein.jpg\",\"datePublished\":\"2022-12-11T12:14:52+00:00\",\"dateModified\":\"2025-12-17T15:43:28+00:00\",\"breadcrumb\":{\"@id\":\"https:\\\/\\\/web.mandolinenorchester-hennef-kurscheid.de\\\/?page_id=4741#breadcrumb\"},\"inLanguage\":\"de\",\"potentialAction\":[{\"@type\":\"ReadAction\",\"target\":[\"https:\\\/\\\/web.mandolinenorchester-hennef-kurscheid.de\\\/?page_id=4741\"]}]},{\"@type\":\"ImageObject\",\"inLanguage\":\"de\",\"@id\":\"https:\\\/\\\/web.mandolinenorchester-hennef-kurscheid.de\\\/?page_id=4741#primaryimage\",\"url\":\"https:\\\/\\\/web.mandolinenorchester-hennef-kurscheid.de\\\/wp-content\\\/uploads\\\/2025\\\/12\\\/2024-09-11-Anna-Burova-2-Portraet-klein.jpg\",\"contentUrl\":\"https:\\\/\\\/web.mandolinenorchester-hennef-kurscheid.de\\\/wp-content\\\/uploads\\\/2025\\\/12\\\/2024-09-11-Anna-Burova-2-Portraet-klein.jpg\",\"width\":1000,\"height\":1000},{\"@type\":\"BreadcrumbList\",\"@id\":\"https:\\\/\\\/web.mandolinenorchester-hennef-kurscheid.de\\\/?page_id=4741#breadcrumb\",\"itemListElement\":[{\"@type\":\"ListItem\",\"position\":1,\"name\":\"Startseite\",\"item\":\"https:\\\/\\\/web.mandolinenorchester-hennef-kurscheid.de\\\/\"},{\"@type\":\"ListItem\",\"position\":2,\"name\":\"Musikalische Leitung\"}]},{\"@type\":\"WebSite\",\"@id\":\"https:\\\/\\\/web.mandolinenorchester-hennef-kurscheid.de\\\/#website\",\"url\":\"https:\\\/\\\/web.mandolinenorchester-hennef-kurscheid.de\\\/\",\"name\":\"Mandolinenorchester Hennef\u2011Kurscheid 1924 e.V.\",\"description\":\"Mitglied im Bund Deutscher Zupfmusiker e.V., Nr. 1055\",\"potentialAction\":[{\"@type\":\"SearchAction\",\"target\":{\"@type\":\"EntryPoint\",\"urlTemplate\":\"https:\\\/\\\/web.mandolinenorchester-hennef-kurscheid.de\\\/?s={search_term_string}\"},\"query-input\":{\"@type\":\"PropertyValueSpecification\",\"valueRequired\":true,\"valueName\":\"search_term_string\"}}],\"inLanguage\":\"de\"}]}<\/script>\n<!-- \/ Yoast SEO plugin. -->","yoast_head_json":{"title":"Musikalische Leitung - Mandolinenorchester Hennef\u2011Kurscheid 1924 e.V.","robots":{"index":"index","follow":"follow","max-snippet":"max-snippet:-1","max-image-preview":"max-image-preview:large","max-video-preview":"max-video-preview:-1"},"canonical":"https:\/\/web.mandolinenorchester-hennef-kurscheid.de\/?page_id=4741","og_locale":"de_DE","og_type":"article","og_title":"Musikalische Leitung - Mandolinenorchester Hennef\u2011Kurscheid 1924 e.V.","og_description":"Anna Burova Ab 2024 liegt die musikalische Leitung des Orchesters bei Anna Burova, die an der Hochschule f\u00fcr Musik und Tanz (HfMT) K\u00f6ln den Studiengang &#8222;Bachelor of Music &#8211; Orchesterdirigieren&#8220; abgeschlossen hat. Sie nahm an verschiedenen Meisterkursen teil und organisierte bereits eine Reihe von sehr erfolgreichen Orchesterprojekten. Darunter auch das aus Studentinnen und Studenten der &hellip; \u201eMusikalische Leitung\u201c weiterlesen","og_url":"https:\/\/web.mandolinenorchester-hennef-kurscheid.de\/?page_id=4741","og_site_name":"Mandolinenorchester Hennef\u2011Kurscheid 1924 e.V.","article_modified_time":"2025-12-17T15:43:28+00:00","og_image":[{"width":1000,"height":1000,"url":"https:\/\/web.mandolinenorchester-hennef-kurscheid.de\/wp-content\/uploads\/2025\/12\/2024-09-11-Anna-Burova-2-Portraet-klein.jpg","type":"image\/jpeg"}],"twitter_card":"summary_large_image","twitter_misc":{"Gesch\u00e4tzte Lesezeit":"4\u00a0Minuten"},"schema":{"@context":"https:\/\/schema.org","@graph":[{"@type":"WebPage","@id":"https:\/\/web.mandolinenorchester-hennef-kurscheid.de\/?page_id=4741","url":"https:\/\/web.mandolinenorchester-hennef-kurscheid.de\/?page_id=4741","name":"Musikalische Leitung - Mandolinenorchester Hennef\u2011Kurscheid 1924 e.V.","isPartOf":{"@id":"https:\/\/web.mandolinenorchester-hennef-kurscheid.de\/#website"},"primaryImageOfPage":{"@id":"https:\/\/web.mandolinenorchester-hennef-kurscheid.de\/?page_id=4741#primaryimage"},"image":{"@id":"https:\/\/web.mandolinenorchester-hennef-kurscheid.de\/?page_id=4741#primaryimage"},"thumbnailUrl":"https:\/\/web.mandolinenorchester-hennef-kurscheid.de\/wp-content\/uploads\/2025\/12\/2024-09-11-Anna-Burova-2-Portraet-klein.jpg","datePublished":"2022-12-11T12:14:52+00:00","dateModified":"2025-12-17T15:43:28+00:00","breadcrumb":{"@id":"https:\/\/web.mandolinenorchester-hennef-kurscheid.de\/?page_id=4741#breadcrumb"},"inLanguage":"de","potentialAction":[{"@type":"ReadAction","target":["https:\/\/web.mandolinenorchester-hennef-kurscheid.de\/?page_id=4741"]}]},{"@type":"ImageObject","inLanguage":"de","@id":"https:\/\/web.mandolinenorchester-hennef-kurscheid.de\/?page_id=4741#primaryimage","url":"https:\/\/web.mandolinenorchester-hennef-kurscheid.de\/wp-content\/uploads\/2025\/12\/2024-09-11-Anna-Burova-2-Portraet-klein.jpg","contentUrl":"https:\/\/web.mandolinenorchester-hennef-kurscheid.de\/wp-content\/uploads\/2025\/12\/2024-09-11-Anna-Burova-2-Portraet-klein.jpg","width":1000,"height":1000},{"@type":"BreadcrumbList","@id":"https:\/\/web.mandolinenorchester-hennef-kurscheid.de\/?page_id=4741#breadcrumb","itemListElement":[{"@type":"ListItem","position":1,"name":"Startseite","item":"https:\/\/web.mandolinenorchester-hennef-kurscheid.de\/"},{"@type":"ListItem","position":2,"name":"Musikalische Leitung"}]},{"@type":"WebSite","@id":"https:\/\/web.mandolinenorchester-hennef-kurscheid.de\/#website","url":"https:\/\/web.mandolinenorchester-hennef-kurscheid.de\/","name":"Mandolinenorchester Hennef\u2011Kurscheid 1924 e.V.","description":"Mitglied im Bund Deutscher Zupfmusiker e.V., Nr. 1055","potentialAction":[{"@type":"SearchAction","target":{"@type":"EntryPoint","urlTemplate":"https:\/\/web.mandolinenorchester-hennef-kurscheid.de\/?s={search_term_string}"},"query-input":{"@type":"PropertyValueSpecification","valueRequired":true,"valueName":"search_term_string"}}],"inLanguage":"de"}]}},"jetpack_sharing_enabled":true,"_links":{"self":[{"href":"https:\/\/web.mandolinenorchester-hennef-kurscheid.de\/index.php?rest_route=\/wp\/v2\/pages\/4741","targetHints":{"allow":["GET"]}}],"collection":[{"href":"https:\/\/web.mandolinenorchester-hennef-kurscheid.de\/index.php?rest_route=\/wp\/v2\/pages"}],"about":[{"href":"https:\/\/web.mandolinenorchester-hennef-kurscheid.de\/index.php?rest_route=\/wp\/v2\/types\/page"}],"author":[{"embeddable":true,"href":"https:\/\/web.mandolinenorchester-hennef-kurscheid.de\/index.php?rest_route=\/wp\/v2\/users\/1"}],"replies":[{"embeddable":true,"href":"https:\/\/web.mandolinenorchester-hennef-kurscheid.de\/index.php?rest_route=%2Fwp%2Fv2%2Fcomments&post=4741"}],"version-history":[{"count":29,"href":"https:\/\/web.mandolinenorchester-hennef-kurscheid.de\/index.php?rest_route=\/wp\/v2\/pages\/4741\/revisions"}],"predecessor-version":[{"id":5906,"href":"https:\/\/web.mandolinenorchester-hennef-kurscheid.de\/index.php?rest_route=\/wp\/v2\/pages\/4741\/revisions\/5906"}],"wp:attachment":[{"href":"https:\/\/web.mandolinenorchester-hennef-kurscheid.de\/index.php?rest_route=%2Fwp%2Fv2%2Fmedia&parent=4741"}],"curies":[{"name":"wp","href":"https:\/\/api.w.org\/{rel}","templated":true}]}}