{"id":4526,"date":"2022-07-24T19:53:12","date_gmt":"2022-07-24T17:53:12","guid":{"rendered":"https:\/\/web.mandolinenorchester-hennef-kurscheid.de\/?page_id=4526"},"modified":"2022-07-24T20:04:00","modified_gmt":"2022-07-24T18:04:00","slug":"gruendungsurkunde","status":"publish","type":"page","link":"https:\/\/web.mandolinenorchester-hennef-kurscheid.de\/?page_id=4526","title":{"rendered":"Gr\u00fcndungsurkunde"},"content":{"rendered":"\n<p>Zumindest ein Foto der Gr\u00fcndungsurkunde des Vereins vom 1. Februar 1924 ist \u00fcber die vielen Jahre erhalten geblieben:<\/p>\n\n\n<div class=\"wp-block-image\">\n<figure class=\"aligncenter size-full\"><img loading=\"lazy\" decoding=\"async\" width=\"611\" height=\"840\" src=\"https:\/\/web.mandolinenorchester-hennef-kurscheid.de\/wp-content\/uploads\/2022\/07\/Gruendungsfeier.jpg\" alt=\"\" class=\"wp-image-4525\" srcset=\"https:\/\/web.mandolinenorchester-hennef-kurscheid.de\/wp-content\/uploads\/2022\/07\/Gruendungsfeier.jpg 611w, https:\/\/web.mandolinenorchester-hennef-kurscheid.de\/wp-content\/uploads\/2022\/07\/Gruendungsfeier-218x300.jpg 218w\" sizes=\"auto, (max-width: 611px) 100vw, 611px\" \/><figcaption>Gr\u00fcndungsurkunde<\/figcaption><\/figure>\n<\/div>\n\n\n<p>Daraus konnte dieser Text &#8222;\u00fcbersetzt&#8220; werden:<\/p>\n\n\n\n<p><em>Am 1. Februar 1924 wurde der Klub in Kurscheid bei dem 1. Vorsitzenden Eduard H\u00f6hner gegr\u00fcndet. Herrn Eduard H\u00f6hner der der eigentliche Sch\u00f6pfer unseres Klubs ist, hatte sich mit der Gr\u00fcndung schon l\u00e4ngere Zeit befasst. Am vorgenannten Sonntage, hatte er die Interessenten und Freunde eingeladen zur offiziellen Gr\u00fcndungsfeier. Zahlreich hatte man der Einladung Folge geleistet. In beredenden Worten legte Herr H\u00f6hner Zweck und Grund des Klubs dar. 24 Mann traten sofort bei. Mann schritt nun zur Vorstandswahl und w\u00e4hlte als 1. Vorsitzenden Eduard H\u00f6hner, als 2. Vorsitzenden Wilhelm Steimel, als Schriftf\u00fchrer und Kassierer Peter Steimel, als 1. Musikleiter Karl Hahn, als 2. Musikleiter Wilh. K\u00f6nsgen, als 1. Wanderf\u00fchrer Wilhelm Krohm, als 2. Wanderf\u00fchrer Anton H\u00f6hner, als 1. Beisitzer Matth. Kr\u00e4mer, als 2. Beisitzer Karl H\u00f6hner. Die Satzungen wurden nun festgesetzt (siehe Abschrift.) und dem B\u00fcrgermeisteramte in Hennef zur Genehmigung vorgelegt. Am 26. Februar wurden sie uns zur\u00fcckgesandt ohne jede Beanstandung. Der Klub war nunmehr eingetragen. Es folgte nun der gem\u00fctliche Teil, der sich bis Mitternacht hinzog. Bei Musik, Gesang, Tanz und gutem Trunke verlebten wir die sch\u00f6nsten Stunden. Wenn auch einige Mitglieder des Guten zuviel genossen hatten, so wollen wir diese, leider nicht allt\u00e4gliche Tatsache, mit dem Mantel der Liebe zudecken. Als wir die Feier beendeten, waren alle der Ansicht, dass trotz der wirtschaftlich schlechten Zeit, alles geschehen m\u00fcsse, um den Klub zu einem Ganzen zu gestalten, damit die \u201eHeimatkl\u00e4nge\u201c der Heimat im wahren Sinne des Wortes zur Ehre gereichen.<\/em><\/p>\n\n\n\n<p class=\"has-text-align-right\"><em>Peter Steimel.<\/em><\/p>\n","protected":false},"excerpt":{"rendered":"<p>Zumindest ein Foto der Gr\u00fcndungsurkunde des Vereins vom 1. Februar 1924 ist \u00fcber die vielen Jahre erhalten geblieben: Daraus konnte dieser Text &#8222;\u00fcbersetzt&#8220; werden: Am 1. Februar 1924 wurde der Klub in Kurscheid bei dem 1. Vorsitzenden Eduard H\u00f6hner gegr\u00fcndet. Herrn Eduard H\u00f6hner der der eigentliche Sch\u00f6pfer unseres Klubs ist, hatte sich mit der Gr\u00fcndung &hellip; <\/p>\n<p class=\"link-more\"><a href=\"https:\/\/web.mandolinenorchester-hennef-kurscheid.de\/?page_id=4526\" class=\"more-link\"><span class=\"screen-reader-text\">\u201eGr\u00fcndungsurkunde\u201c <\/span>weiterlesen<\/a><\/p>\n","protected":false},"author":1,"featured_media":0,"parent":0,"menu_order":0,"comment_status":"closed","ping_status":"closed","template":"","meta":{"_editorskit_title_hidden":false,"_editorskit_reading_time":0,"_editorskit_is_block_options_detached":false,"_editorskit_block_options_position":"{}","inline_featured_image":false,"footnotes":""},"class_list":["post-4526","page","type-page","status-publish","hentry"],"yoast_head":"<!-- This site is optimized with the Yoast SEO plugin v27.4 - https:\/\/yoast.com\/product\/yoast-seo-wordpress\/ -->\n<title>Gr\u00fcndungsurkunde - Mandolinenorchester Hennef\u2011Kurscheid 1924 e.V.<\/title>\n<meta name=\"robots\" content=\"index, follow, max-snippet:-1, max-image-preview:large, max-video-preview:-1\" \/>\n<link rel=\"canonical\" href=\"https:\/\/web.mandolinenorchester-hennef-kurscheid.de\/?page_id=4526\" \/>\n<meta property=\"og:locale\" content=\"de_DE\" \/>\n<meta property=\"og:type\" content=\"article\" \/>\n<meta property=\"og:title\" content=\"Gr\u00fcndungsurkunde - Mandolinenorchester Hennef\u2011Kurscheid 1924 e.V.\" \/>\n<meta property=\"og:description\" content=\"Zumindest ein Foto der Gr\u00fcndungsurkunde des Vereins vom 1. Februar 1924 ist \u00fcber die vielen Jahre erhalten geblieben: Daraus konnte dieser Text &#8222;\u00fcbersetzt&#8220; werden: Am 1. Februar 1924 wurde der Klub in Kurscheid bei dem 1. Vorsitzenden Eduard H\u00f6hner gegr\u00fcndet. Herrn Eduard H\u00f6hner der der eigentliche Sch\u00f6pfer unseres Klubs ist, hatte sich mit der Gr\u00fcndung &hellip; \u201eGr\u00fcndungsurkunde\u201c weiterlesen\" \/>\n<meta property=\"og:url\" content=\"https:\/\/web.mandolinenorchester-hennef-kurscheid.de\/?page_id=4526\" \/>\n<meta property=\"og:site_name\" content=\"Mandolinenorchester Hennef\u2011Kurscheid 1924 e.V.\" \/>\n<meta property=\"article:modified_time\" content=\"2022-07-24T18:04:00+00:00\" \/>\n<meta property=\"og:image\" content=\"https:\/\/web.mandolinenorchester-hennef-kurscheid.de\/wp-content\/uploads\/2022\/07\/Gruendungsfeier.jpg\" \/>\n<meta name=\"twitter:card\" content=\"summary_large_image\" \/>\n<meta name=\"twitter:label1\" content=\"Gesch\u00e4tzte Lesezeit\" \/>\n\t<meta name=\"twitter:data1\" content=\"2\u00a0Minuten\" \/>\n<script type=\"application\/ld+json\" class=\"yoast-schema-graph\">{\"@context\":\"https:\\\/\\\/schema.org\",\"@graph\":[{\"@type\":\"WebPage\",\"@id\":\"https:\\\/\\\/web.mandolinenorchester-hennef-kurscheid.de\\\/?page_id=4526\",\"url\":\"https:\\\/\\\/web.mandolinenorchester-hennef-kurscheid.de\\\/?page_id=4526\",\"name\":\"Gr\u00fcndungsurkunde - Mandolinenorchester Hennef\u2011Kurscheid 1924 e.V.\",\"isPartOf\":{\"@id\":\"https:\\\/\\\/web.mandolinenorchester-hennef-kurscheid.de\\\/#website\"},\"primaryImageOfPage\":{\"@id\":\"https:\\\/\\\/web.mandolinenorchester-hennef-kurscheid.de\\\/?page_id=4526#primaryimage\"},\"image\":{\"@id\":\"https:\\\/\\\/web.mandolinenorchester-hennef-kurscheid.de\\\/?page_id=4526#primaryimage\"},\"thumbnailUrl\":\"https:\\\/\\\/web.mandolinenorchester-hennef-kurscheid.de\\\/wp-content\\\/uploads\\\/2022\\\/07\\\/Gruendungsfeier.jpg\",\"datePublished\":\"2022-07-24T17:53:12+00:00\",\"dateModified\":\"2022-07-24T18:04:00+00:00\",\"breadcrumb\":{\"@id\":\"https:\\\/\\\/web.mandolinenorchester-hennef-kurscheid.de\\\/?page_id=4526#breadcrumb\"},\"inLanguage\":\"de\",\"potentialAction\":[{\"@type\":\"ReadAction\",\"target\":[\"https:\\\/\\\/web.mandolinenorchester-hennef-kurscheid.de\\\/?page_id=4526\"]}]},{\"@type\":\"ImageObject\",\"inLanguage\":\"de\",\"@id\":\"https:\\\/\\\/web.mandolinenorchester-hennef-kurscheid.de\\\/?page_id=4526#primaryimage\",\"url\":\"https:\\\/\\\/web.mandolinenorchester-hennef-kurscheid.de\\\/wp-content\\\/uploads\\\/2022\\\/07\\\/Gruendungsfeier.jpg\",\"contentUrl\":\"https:\\\/\\\/web.mandolinenorchester-hennef-kurscheid.de\\\/wp-content\\\/uploads\\\/2022\\\/07\\\/Gruendungsfeier.jpg\",\"width\":611,\"height\":840},{\"@type\":\"BreadcrumbList\",\"@id\":\"https:\\\/\\\/web.mandolinenorchester-hennef-kurscheid.de\\\/?page_id=4526#breadcrumb\",\"itemListElement\":[{\"@type\":\"ListItem\",\"position\":1,\"name\":\"Startseite\",\"item\":\"https:\\\/\\\/web.mandolinenorchester-hennef-kurscheid.de\\\/\"},{\"@type\":\"ListItem\",\"position\":2,\"name\":\"Gr\u00fcndungsurkunde\"}]},{\"@type\":\"WebSite\",\"@id\":\"https:\\\/\\\/web.mandolinenorchester-hennef-kurscheid.de\\\/#website\",\"url\":\"https:\\\/\\\/web.mandolinenorchester-hennef-kurscheid.de\\\/\",\"name\":\"Mandolinenorchester Hennef\u2011Kurscheid 1924 e.V.\",\"description\":\"Mitglied im Bund Deutscher Zupfmusiker e.V., Nr. 1055\",\"potentialAction\":[{\"@type\":\"SearchAction\",\"target\":{\"@type\":\"EntryPoint\",\"urlTemplate\":\"https:\\\/\\\/web.mandolinenorchester-hennef-kurscheid.de\\\/?s={search_term_string}\"},\"query-input\":{\"@type\":\"PropertyValueSpecification\",\"valueRequired\":true,\"valueName\":\"search_term_string\"}}],\"inLanguage\":\"de\"}]}<\/script>\n<!-- \/ Yoast SEO plugin. -->","yoast_head_json":{"title":"Gr\u00fcndungsurkunde - Mandolinenorchester Hennef\u2011Kurscheid 1924 e.V.","robots":{"index":"index","follow":"follow","max-snippet":"max-snippet:-1","max-image-preview":"max-image-preview:large","max-video-preview":"max-video-preview:-1"},"canonical":"https:\/\/web.mandolinenorchester-hennef-kurscheid.de\/?page_id=4526","og_locale":"de_DE","og_type":"article","og_title":"Gr\u00fcndungsurkunde - Mandolinenorchester Hennef\u2011Kurscheid 1924 e.V.","og_description":"Zumindest ein Foto der Gr\u00fcndungsurkunde des Vereins vom 1. Februar 1924 ist \u00fcber die vielen Jahre erhalten geblieben: Daraus konnte dieser Text &#8222;\u00fcbersetzt&#8220; werden: Am 1. Februar 1924 wurde der Klub in Kurscheid bei dem 1. Vorsitzenden Eduard H\u00f6hner gegr\u00fcndet. Herrn Eduard H\u00f6hner der der eigentliche Sch\u00f6pfer unseres Klubs ist, hatte sich mit der Gr\u00fcndung &hellip; \u201eGr\u00fcndungsurkunde\u201c weiterlesen","og_url":"https:\/\/web.mandolinenorchester-hennef-kurscheid.de\/?page_id=4526","og_site_name":"Mandolinenorchester Hennef\u2011Kurscheid 1924 e.V.","article_modified_time":"2022-07-24T18:04:00+00:00","og_image":[{"url":"https:\/\/web.mandolinenorchester-hennef-kurscheid.de\/wp-content\/uploads\/2022\/07\/Gruendungsfeier.jpg","type":"","width":"","height":""}],"twitter_card":"summary_large_image","twitter_misc":{"Gesch\u00e4tzte Lesezeit":"2\u00a0Minuten"},"schema":{"@context":"https:\/\/schema.org","@graph":[{"@type":"WebPage","@id":"https:\/\/web.mandolinenorchester-hennef-kurscheid.de\/?page_id=4526","url":"https:\/\/web.mandolinenorchester-hennef-kurscheid.de\/?page_id=4526","name":"Gr\u00fcndungsurkunde - Mandolinenorchester Hennef\u2011Kurscheid 1924 e.V.","isPartOf":{"@id":"https:\/\/web.mandolinenorchester-hennef-kurscheid.de\/#website"},"primaryImageOfPage":{"@id":"https:\/\/web.mandolinenorchester-hennef-kurscheid.de\/?page_id=4526#primaryimage"},"image":{"@id":"https:\/\/web.mandolinenorchester-hennef-kurscheid.de\/?page_id=4526#primaryimage"},"thumbnailUrl":"https:\/\/web.mandolinenorchester-hennef-kurscheid.de\/wp-content\/uploads\/2022\/07\/Gruendungsfeier.jpg","datePublished":"2022-07-24T17:53:12+00:00","dateModified":"2022-07-24T18:04:00+00:00","breadcrumb":{"@id":"https:\/\/web.mandolinenorchester-hennef-kurscheid.de\/?page_id=4526#breadcrumb"},"inLanguage":"de","potentialAction":[{"@type":"ReadAction","target":["https:\/\/web.mandolinenorchester-hennef-kurscheid.de\/?page_id=4526"]}]},{"@type":"ImageObject","inLanguage":"de","@id":"https:\/\/web.mandolinenorchester-hennef-kurscheid.de\/?page_id=4526#primaryimage","url":"https:\/\/web.mandolinenorchester-hennef-kurscheid.de\/wp-content\/uploads\/2022\/07\/Gruendungsfeier.jpg","contentUrl":"https:\/\/web.mandolinenorchester-hennef-kurscheid.de\/wp-content\/uploads\/2022\/07\/Gruendungsfeier.jpg","width":611,"height":840},{"@type":"BreadcrumbList","@id":"https:\/\/web.mandolinenorchester-hennef-kurscheid.de\/?page_id=4526#breadcrumb","itemListElement":[{"@type":"ListItem","position":1,"name":"Startseite","item":"https:\/\/web.mandolinenorchester-hennef-kurscheid.de\/"},{"@type":"ListItem","position":2,"name":"Gr\u00fcndungsurkunde"}]},{"@type":"WebSite","@id":"https:\/\/web.mandolinenorchester-hennef-kurscheid.de\/#website","url":"https:\/\/web.mandolinenorchester-hennef-kurscheid.de\/","name":"Mandolinenorchester Hennef\u2011Kurscheid 1924 e.V.","description":"Mitglied im Bund Deutscher Zupfmusiker e.V., Nr. 1055","potentialAction":[{"@type":"SearchAction","target":{"@type":"EntryPoint","urlTemplate":"https:\/\/web.mandolinenorchester-hennef-kurscheid.de\/?s={search_term_string}"},"query-input":{"@type":"PropertyValueSpecification","valueRequired":true,"valueName":"search_term_string"}}],"inLanguage":"de"}]}},"jetpack_sharing_enabled":true,"_links":{"self":[{"href":"https:\/\/web.mandolinenorchester-hennef-kurscheid.de\/index.php?rest_route=\/wp\/v2\/pages\/4526","targetHints":{"allow":["GET"]}}],"collection":[{"href":"https:\/\/web.mandolinenorchester-hennef-kurscheid.de\/index.php?rest_route=\/wp\/v2\/pages"}],"about":[{"href":"https:\/\/web.mandolinenorchester-hennef-kurscheid.de\/index.php?rest_route=\/wp\/v2\/types\/page"}],"author":[{"embeddable":true,"href":"https:\/\/web.mandolinenorchester-hennef-kurscheid.de\/index.php?rest_route=\/wp\/v2\/users\/1"}],"replies":[{"embeddable":true,"href":"https:\/\/web.mandolinenorchester-hennef-kurscheid.de\/index.php?rest_route=%2Fwp%2Fv2%2Fcomments&post=4526"}],"version-history":[{"count":2,"href":"https:\/\/web.mandolinenorchester-hennef-kurscheid.de\/index.php?rest_route=\/wp\/v2\/pages\/4526\/revisions"}],"predecessor-version":[{"id":4534,"href":"https:\/\/web.mandolinenorchester-hennef-kurscheid.de\/index.php?rest_route=\/wp\/v2\/pages\/4526\/revisions\/4534"}],"wp:attachment":[{"href":"https:\/\/web.mandolinenorchester-hennef-kurscheid.de\/index.php?rest_route=%2Fwp%2Fv2%2Fmedia&parent=4526"}],"curies":[{"name":"wp","href":"https:\/\/api.w.org\/{rel}","templated":true}]}}