{"id":4509,"date":"2022-07-24T19:08:20","date_gmt":"2022-07-24T17:08:20","guid":{"rendered":"https:\/\/web.mandolinenorchester-hennef-kurscheid.de\/?page_id=4509"},"modified":"2024-10-20T22:11:55","modified_gmt":"2024-10-20T20:11:55","slug":"festschriften","status":"publish","type":"page","link":"https:\/\/web.mandolinenorchester-hennef-kurscheid.de\/?page_id=4509","title":{"rendered":"Festschriften"},"content":{"rendered":"\n<p>Zu verschiedenen Vereins-Jubil\u00e4en oder besonderen Veranstaltungen wurden Festschriften ver\u00f6ffentlicht, die wir hier in digitaler Form zur Verf\u00fcgung stellen.<\/p>\n\n\n\n<p>Die aktuelle Festschrift von <strong>2024 <\/strong>wurde zum 100-j\u00e4hrigen Bestehen des Vereins erstellt.<\/p>\n\n\n<div class=\"wp-block-image is-resized\">\n<figure class=\"aligncenter size-large\"><img loading=\"lazy\" decoding=\"async\" width=\"718\" height=\"1024\" src=\"https:\/\/web.mandolinenorchester-hennef-kurscheid.de\/wp-content\/uploads\/2024\/10\/2024-100-Jahre-MO-Hennef-Kurscheid-718x1024.jpg\" alt=\"75 Jahre Mandolinenorchster Hennef-Kurscheid (PDF, ca. 25 MB)\" class=\"wp-image-5469\" srcset=\"https:\/\/web.mandolinenorchester-hennef-kurscheid.de\/wp-content\/uploads\/2024\/10\/2024-100-Jahre-MO-Hennef-Kurscheid-718x1024.jpg 718w, https:\/\/web.mandolinenorchester-hennef-kurscheid.de\/wp-content\/uploads\/2024\/10\/2024-100-Jahre-MO-Hennef-Kurscheid-210x300.jpg 210w, https:\/\/web.mandolinenorchester-hennef-kurscheid.de\/wp-content\/uploads\/2024\/10\/2024-100-Jahre-MO-Hennef-Kurscheid-768x1095.jpg 768w, https:\/\/web.mandolinenorchester-hennef-kurscheid.de\/wp-content\/uploads\/2024\/10\/2024-100-Jahre-MO-Hennef-Kurscheid.jpg 808w\" sizes=\"auto, (max-width: 718px) 100vw, 718px\" \/><figcaption class=\"wp-element-caption\">100 Jahre Mandolinenorchster Hennef-Kurscheid (PDF, ca. 25 MB)<\/figcaption><\/figure>\n<\/div>\n\n\n<hr class=\"wp-block-separator has-alpha-channel-opacity\"\/>\n\n\n\n<p>25 Jahre zuvor wurde zum 75-j\u00e4hrigen Jubil\u00e4um im Jahr <strong>1999 <\/strong>diese Festschrift ver\u00f6ffentlicht :<\/p>\n\n\n<div class=\"wp-block-image is-resized\">\n<figure class=\"aligncenter size-large\"><img loading=\"lazy\" decoding=\"async\" width=\"684\" height=\"1024\" src=\"https:\/\/web.mandolinenorchester-hennef-kurscheid.de\/wp-content\/uploads\/2022\/07\/1999-75-Jahre-MO-Hennef-Kurscheid-684x1024.jpg\" alt=\"75 Jahre Mandolinenorchster Hennef-Kurscheid (PDF, ca. 20 MB)\" class=\"wp-image-4517\" srcset=\"https:\/\/web.mandolinenorchester-hennef-kurscheid.de\/wp-content\/uploads\/2022\/07\/1999-75-Jahre-MO-Hennef-Kurscheid-684x1024.jpg 684w, https:\/\/web.mandolinenorchester-hennef-kurscheid.de\/wp-content\/uploads\/2022\/07\/1999-75-Jahre-MO-Hennef-Kurscheid-200x300.jpg 200w, https:\/\/web.mandolinenorchester-hennef-kurscheid.de\/wp-content\/uploads\/2022\/07\/1999-75-Jahre-MO-Hennef-Kurscheid-768x1150.jpg 768w, https:\/\/web.mandolinenorchester-hennef-kurscheid.de\/wp-content\/uploads\/2022\/07\/1999-75-Jahre-MO-Hennef-Kurscheid.jpg 779w\" sizes=\"auto, (max-width: 684px) 100vw, 684px\" \/><figcaption class=\"wp-element-caption\"><a href=\"https:\/\/web.mandolinenorchester-hennef-kurscheid.de\/wp-content\/uploads\/Festschriften\/1999-75-Jahre-MO-Hennef-Kurscheid.pdf\" target=\"_blank\" rel=\"noreferrer noopener\">75 Jahre Mandolinenorchster Hennef-Kurscheid (PDF, ca. 20 MB)<\/a><\/figcaption><\/figure>\n<\/div>\n\n\n<p><em>Die Festschrift zum 75-j\u00e4hrigen Bestehen in h\u00f6herer Aufl\u00f6sung (PDF, ca. 66 MB): <a href=\"https:\/\/web.mandolinenorchester-hennef-kurscheid.de\/wp-content\/uploads\/Festschriften\/1999-75-Jahre-MO-Hennef-Kurscheid-300dpi.pdf\" target=\"_blank\" rel=\"noreferrer noopener\">Link<\/a><\/em><\/p>\n\n\n\n<hr class=\"wp-block-separator has-alpha-channel-opacity\"\/>\n\n\n\n<p class=\"has-text-align-left\">Seit der Umbenennung des Vereins zu seinem 60-j\u00e4hrigen Bestehen im Jahr <strong>1984<\/strong> f\u00fchrt der Verein den heute noch g\u00fcltigen Namen <em>Mandolinenorchester Hennef-Kurscheid 1924 e.V.<\/em> Zu diesem Jubil\u00e4um wurde diese Festschrift ver\u00f6ffentlicht:<\/p>\n\n\n<div class=\"wp-block-image is-resized\">\n<figure class=\"aligncenter size-large\"><img loading=\"lazy\" decoding=\"async\" width=\"1024\" height=\"962\" src=\"https:\/\/web.mandolinenorchester-hennef-kurscheid.de\/wp-content\/uploads\/2022\/07\/1984-60-Jahre-MO-Hennef-Kurscheid-1024x962.jpg\" alt=\"60Jahre Mandolinenorchster Hennef-Kurscheid (PDF, ca. 29 MB)\" class=\"wp-image-4516\" srcset=\"https:\/\/web.mandolinenorchester-hennef-kurscheid.de\/wp-content\/uploads\/2022\/07\/1984-60-Jahre-MO-Hennef-Kurscheid-1024x962.jpg 1024w, https:\/\/web.mandolinenorchester-hennef-kurscheid.de\/wp-content\/uploads\/2022\/07\/1984-60-Jahre-MO-Hennef-Kurscheid-300x282.jpg 300w, https:\/\/web.mandolinenorchester-hennef-kurscheid.de\/wp-content\/uploads\/2022\/07\/1984-60-Jahre-MO-Hennef-Kurscheid-768x722.jpg 768w, https:\/\/web.mandolinenorchester-hennef-kurscheid.de\/wp-content\/uploads\/2022\/07\/1984-60-Jahre-MO-Hennef-Kurscheid.jpg 1225w\" sizes=\"auto, (max-width: 767px) 89vw, (max-width: 1000px) 54vw, (max-width: 1071px) 543px, 580px\" \/><figcaption class=\"wp-element-caption\"><a href=\"https:\/\/web.mandolinenorchester-hennef-kurscheid.de\/wp-content\/uploads\/Festschriften\/1984-60-Jahre-MO-Hennef-Kurscheid.pdf\" target=\"_blank\" rel=\"noreferrer noopener\">60Jahre Mandolinenorchster Hennef-Kurscheid (PDF, ca. 29 MB)<\/a><\/figcaption><\/figure>\n<\/div>\n\n\n<p><em>Die Festschrift zum 60-j\u00e4hrigen Bestehen in h\u00f6herer Aufl\u00f6sung (PDF, ca. 52 MB): <a href=\"https:\/\/web.mandolinenorchester-hennef-kurscheid.de\/wp-content\/uploads\/Festschriften\/1984-60-Jahre-MO-Hennef-Kurscheid-300dpi.pdf\" target=\"_blank\" rel=\"noreferrer noopener\">Link<\/a><\/em><\/p>\n\n\n\n<hr class=\"wp-block-separator has-alpha-channel-opacity\"\/>\n\n\n\n<p class=\"has-text-align-left\">6 Jahre zuvor, im Jahr <strong>1978<\/strong>, richtete er Verein das Internationale Musikfest des <em>Bund Deutscher Zupfmusiker e.V.<\/em> (&#8222;zupf-fest Bonn &#8217;78&#8220;) aus, wozu diese Festschrift erschienen ist:<\/p>\n\n\n<div class=\"wp-block-image is-resized\">\n<figure class=\"aligncenter size-large\"><img loading=\"lazy\" decoding=\"async\" width=\"734\" height=\"1024\" src=\"https:\/\/web.mandolinenorchester-hennef-kurscheid.de\/wp-content\/uploads\/2022\/07\/1978-zupf-fest-Bonn-734x1024.jpg\" alt=\"zupf-fest Bonn '78 (PDF, ca 15 MB)\" class=\"wp-image-4518\" srcset=\"https:\/\/web.mandolinenorchester-hennef-kurscheid.de\/wp-content\/uploads\/2022\/07\/1978-zupf-fest-Bonn-734x1024.jpg 734w, https:\/\/web.mandolinenorchester-hennef-kurscheid.de\/wp-content\/uploads\/2022\/07\/1978-zupf-fest-Bonn-215x300.jpg 215w, https:\/\/web.mandolinenorchester-hennef-kurscheid.de\/wp-content\/uploads\/2022\/07\/1978-zupf-fest-Bonn-768x1072.jpg 768w, https:\/\/web.mandolinenorchester-hennef-kurscheid.de\/wp-content\/uploads\/2022\/07\/1978-zupf-fest-Bonn.jpg 867w\" sizes=\"auto, (max-width: 734px) 100vw, 734px\" \/><figcaption class=\"wp-element-caption\"><a href=\"https:\/\/web.mandolinenorchester-hennef-kurscheid.de\/wp-content\/uploads\/Festschriften\/1978-zupf-fest-Bonn.pdf\" target=\"_blank\" rel=\"noreferrer noopener\">zupf-fest Bonn &#8217;78 (PDF, ca 15 MB)<\/a><\/figcaption><\/figure>\n<\/div>\n\n\n<p><em>Die Festschrift zum zupf-fest Bonn &#8217;78 h\u00f6herer Aufl\u00f6sung (PDF, ca. 50 MB): <a href=\"https:\/\/web.mandolinenorchester-hennef-kurscheid.de\/wp-content\/uploads\/Festschriften\/1978-zupf-fest-Bonn-300dpi.pdf\" target=\"_blank\" rel=\"noreferrer noopener\">Link<\/a><\/em><\/p>\n\n\n\n<hr class=\"wp-block-separator has-alpha-channel-opacity\"\/>\n\n\n\n<p class=\"has-text-align-left\">4 Jahre vor dem <em>zupf-fest Bonn&#8217;78<\/em>, also <strong>1974<\/strong>, hatte der Verein sich umbenannt in <em>Mandolinenorchester Kurscheid<\/em> und feierte sein 50-j\u00e4hriges Jubil\u00e4um und ver\u00f6ffentlichte diese Festschrift:<\/p>\n\n\n<div class=\"wp-block-image is-resized\">\n<figure class=\"aligncenter size-large\"><img loading=\"lazy\" decoding=\"async\" width=\"1024\" height=\"963\" src=\"https:\/\/web.mandolinenorchester-hennef-kurscheid.de\/wp-content\/uploads\/2022\/07\/1974-50-Jahre-MO-Kurscheid-1024x963.jpg\" alt=\"50 Jahre Mandolinenorchester Kurscheid (PDF, ca 12 MB)\" class=\"wp-image-4515\" srcset=\"https:\/\/web.mandolinenorchester-hennef-kurscheid.de\/wp-content\/uploads\/2022\/07\/1974-50-Jahre-MO-Kurscheid-1024x963.jpg 1024w, https:\/\/web.mandolinenorchester-hennef-kurscheid.de\/wp-content\/uploads\/2022\/07\/1974-50-Jahre-MO-Kurscheid-300x282.jpg 300w, https:\/\/web.mandolinenorchester-hennef-kurscheid.de\/wp-content\/uploads\/2022\/07\/1974-50-Jahre-MO-Kurscheid-768x722.jpg 768w, https:\/\/web.mandolinenorchester-hennef-kurscheid.de\/wp-content\/uploads\/2022\/07\/1974-50-Jahre-MO-Kurscheid.jpg 1232w\" sizes=\"auto, (max-width: 767px) 89vw, (max-width: 1000px) 54vw, (max-width: 1071px) 543px, 580px\" \/><figcaption class=\"wp-element-caption\"><a href=\"https:\/\/web.mandolinenorchester-hennef-kurscheid.de\/wp-content\/uploads\/Festschriften\/1974-50-Jahre-MO-Kurscheid.pdf\" target=\"_blank\" rel=\"noreferrer noopener\">50 Jahre Mandolinenorchester Kurscheid (PDF, ca 12 MB)<\/a><\/figcaption><\/figure>\n<\/div>\n\n\n<p><em>Die Festschrift zum 50-j\u00e4hrigen Bestehen in h\u00f6herer Aufl\u00f6sung (PDF, ca. 26 MB): <a href=\"https:\/\/web.mandolinenorchester-hennef-kurscheid.de\/wp-content\/uploads\/Festschriften\/1974-50-Jahre-MO-Kurscheid-300dpi.pdf\" target=\"_blank\" rel=\"noreferrer noopener\">Link<\/a><\/em><\/p>\n\n\n\n<hr class=\"wp-block-separator has-alpha-channel-opacity\"\/>\n\n\n\n<p>Dier \u00e4lteste noch erhaltene Festschrift wurde <strong>1964 <\/strong>zum damals 40-j\u00e4hrigen Bestehen des Vereins, der damals noch <em>Wanderklub Heimatkl\u00e4nge<\/em> hie\u00df, ver\u00f6ffentlicht:<\/p>\n\n\n<div class=\"wp-block-image is-resized\">\n<figure class=\"aligncenter size-large\"><img loading=\"lazy\" decoding=\"async\" width=\"713\" height=\"1024\" src=\"https:\/\/web.mandolinenorchester-hennef-kurscheid.de\/wp-content\/uploads\/2022\/07\/1964-40-Jahre-Wanderklub-Heimatklaenge-713x1024.jpg\" alt=\"\" class=\"wp-image-4514\" srcset=\"https:\/\/web.mandolinenorchester-hennef-kurscheid.de\/wp-content\/uploads\/2022\/07\/1964-40-Jahre-Wanderklub-Heimatklaenge-713x1024.jpg 713w, https:\/\/web.mandolinenorchester-hennef-kurscheid.de\/wp-content\/uploads\/2022\/07\/1964-40-Jahre-Wanderklub-Heimatklaenge-209x300.jpg 209w, https:\/\/web.mandolinenorchester-hennef-kurscheid.de\/wp-content\/uploads\/2022\/07\/1964-40-Jahre-Wanderklub-Heimatklaenge-768x1103.jpg 768w, https:\/\/web.mandolinenorchester-hennef-kurscheid.de\/wp-content\/uploads\/2022\/07\/1964-40-Jahre-Wanderklub-Heimatklaenge.jpg 847w\" sizes=\"auto, (max-width: 713px) 100vw, 713px\" \/><figcaption class=\"wp-element-caption\"><a href=\".\/wp-content\/uploads\/Festschriften\/1964-40-Jahre-Wanderklub-Heimatkl\u00e4nge.pdf\" target=\"_blank\" rel=\"noreferrer noopener\">40 Jahre Wanderklub Heimatkl\u00e4nge (PDF, ca 8 MB)<\/a><\/figcaption><\/figure>\n<\/div>\n\n\n<p><em>Die Festschrift zum 40-j\u00e4hrigen Bestehen in h\u00f6herer Aufl\u00f6sung (PDF, ca. 15 MB): <a href=\".\/wp-content\/uploads\/Festschriften\/1964-40-Jahre-Wanderklub-Heimatkl\u00e4nge-300dpi.pdf\" target=\"_blank\" rel=\"noreferrer noopener\">Link<\/a><\/em><\/p>\n\n\n\n<p class=\"has-text-align-center\"><\/p>\n","protected":false},"excerpt":{"rendered":"<p>Zu verschiedenen Vereins-Jubil\u00e4en oder besonderen Veranstaltungen wurden Festschriften ver\u00f6ffentlicht, die wir hier in digitaler Form zur Verf\u00fcgung stellen. Die aktuelle Festschrift von 2024 wurde zum 100-j\u00e4hrigen Bestehen des Vereins erstellt. 25 Jahre zuvor wurde zum 75-j\u00e4hrigen Jubil\u00e4um im Jahr 1999 diese Festschrift ver\u00f6ffentlicht : Die Festschrift zum 75-j\u00e4hrigen Bestehen in h\u00f6herer Aufl\u00f6sung (PDF, ca. 66 &hellip; <\/p>\n<p class=\"link-more\"><a href=\"https:\/\/web.mandolinenorchester-hennef-kurscheid.de\/?page_id=4509\" class=\"more-link\"><span class=\"screen-reader-text\">\u201eFestschriften\u201c <\/span>weiterlesen<\/a><\/p>\n","protected":false},"author":1,"featured_media":0,"parent":0,"menu_order":0,"comment_status":"closed","ping_status":"closed","template":"","meta":{"_editorskit_title_hidden":false,"_editorskit_reading_time":0,"_editorskit_is_block_options_detached":false,"_editorskit_block_options_position":"{}","inline_featured_image":false,"footnotes":""},"class_list":["post-4509","page","type-page","status-publish","hentry"],"yoast_head":"<!-- This site is optimized with the Yoast SEO plugin v27.4 - https:\/\/yoast.com\/product\/yoast-seo-wordpress\/ -->\n<title>Festschriften - Mandolinenorchester Hennef\u2011Kurscheid 1924 e.V.<\/title>\n<meta name=\"robots\" content=\"index, follow, max-snippet:-1, max-image-preview:large, max-video-preview:-1\" \/>\n<link rel=\"canonical\" href=\"https:\/\/web.mandolinenorchester-hennef-kurscheid.de\/?page_id=4509\" \/>\n<meta property=\"og:locale\" content=\"de_DE\" \/>\n<meta property=\"og:type\" content=\"article\" \/>\n<meta property=\"og:title\" content=\"Festschriften - Mandolinenorchester Hennef\u2011Kurscheid 1924 e.V.\" \/>\n<meta property=\"og:description\" content=\"Zu verschiedenen Vereins-Jubil\u00e4en oder besonderen Veranstaltungen wurden Festschriften ver\u00f6ffentlicht, die wir hier in digitaler Form zur Verf\u00fcgung stellen. Die aktuelle Festschrift von 2024 wurde zum 100-j\u00e4hrigen Bestehen des Vereins erstellt. 25 Jahre zuvor wurde zum 75-j\u00e4hrigen Jubil\u00e4um im Jahr 1999 diese Festschrift ver\u00f6ffentlicht : Die Festschrift zum 75-j\u00e4hrigen Bestehen in h\u00f6herer Aufl\u00f6sung (PDF, ca. 66 &hellip; \u201eFestschriften\u201c weiterlesen\" \/>\n<meta property=\"og:url\" content=\"https:\/\/web.mandolinenorchester-hennef-kurscheid.de\/?page_id=4509\" \/>\n<meta property=\"og:site_name\" content=\"Mandolinenorchester Hennef\u2011Kurscheid 1924 e.V.\" \/>\n<meta property=\"article:modified_time\" content=\"2024-10-20T20:11:55+00:00\" \/>\n<meta property=\"og:image\" content=\"https:\/\/web.mandolinenorchester-hennef-kurscheid.de\/wp-content\/uploads\/2024\/10\/2024-100-Jahre-MO-Hennef-Kurscheid.jpg\" \/>\n\t<meta property=\"og:image:width\" content=\"808\" \/>\n\t<meta property=\"og:image:height\" content=\"1152\" \/>\n\t<meta property=\"og:image:type\" content=\"image\/jpeg\" \/>\n<meta name=\"twitter:card\" content=\"summary_large_image\" \/>\n<meta name=\"twitter:label1\" content=\"Gesch\u00e4tzte Lesezeit\" \/>\n\t<meta name=\"twitter:data1\" content=\"3\u00a0Minuten\" \/>\n<script type=\"application\/ld+json\" class=\"yoast-schema-graph\">{\"@context\":\"https:\\\/\\\/schema.org\",\"@graph\":[{\"@type\":\"WebPage\",\"@id\":\"https:\\\/\\\/web.mandolinenorchester-hennef-kurscheid.de\\\/?page_id=4509\",\"url\":\"https:\\\/\\\/web.mandolinenorchester-hennef-kurscheid.de\\\/?page_id=4509\",\"name\":\"Festschriften - Mandolinenorchester Hennef\u2011Kurscheid 1924 e.V.\",\"isPartOf\":{\"@id\":\"https:\\\/\\\/web.mandolinenorchester-hennef-kurscheid.de\\\/#website\"},\"primaryImageOfPage\":{\"@id\":\"https:\\\/\\\/web.mandolinenorchester-hennef-kurscheid.de\\\/?page_id=4509#primaryimage\"},\"image\":{\"@id\":\"https:\\\/\\\/web.mandolinenorchester-hennef-kurscheid.de\\\/?page_id=4509#primaryimage\"},\"thumbnailUrl\":\"https:\\\/\\\/web.mandolinenorchester-hennef-kurscheid.de\\\/wp-content\\\/uploads\\\/2024\\\/10\\\/2024-100-Jahre-MO-Hennef-Kurscheid-718x1024.jpg\",\"datePublished\":\"2022-07-24T17:08:20+00:00\",\"dateModified\":\"2024-10-20T20:11:55+00:00\",\"breadcrumb\":{\"@id\":\"https:\\\/\\\/web.mandolinenorchester-hennef-kurscheid.de\\\/?page_id=4509#breadcrumb\"},\"inLanguage\":\"de\",\"potentialAction\":[{\"@type\":\"ReadAction\",\"target\":[\"https:\\\/\\\/web.mandolinenorchester-hennef-kurscheid.de\\\/?page_id=4509\"]}]},{\"@type\":\"ImageObject\",\"inLanguage\":\"de\",\"@id\":\"https:\\\/\\\/web.mandolinenorchester-hennef-kurscheid.de\\\/?page_id=4509#primaryimage\",\"url\":\"https:\\\/\\\/web.mandolinenorchester-hennef-kurscheid.de\\\/wp-content\\\/uploads\\\/2024\\\/10\\\/2024-100-Jahre-MO-Hennef-Kurscheid.jpg\",\"contentUrl\":\"https:\\\/\\\/web.mandolinenorchester-hennef-kurscheid.de\\\/wp-content\\\/uploads\\\/2024\\\/10\\\/2024-100-Jahre-MO-Hennef-Kurscheid.jpg\",\"width\":808,\"height\":1152,\"caption\":\"100 Jahre Mandolinenorchster Hennef-Kurscheid (PDF, ca. 25 MB)\"},{\"@type\":\"BreadcrumbList\",\"@id\":\"https:\\\/\\\/web.mandolinenorchester-hennef-kurscheid.de\\\/?page_id=4509#breadcrumb\",\"itemListElement\":[{\"@type\":\"ListItem\",\"position\":1,\"name\":\"Startseite\",\"item\":\"https:\\\/\\\/web.mandolinenorchester-hennef-kurscheid.de\\\/\"},{\"@type\":\"ListItem\",\"position\":2,\"name\":\"Festschriften\"}]},{\"@type\":\"WebSite\",\"@id\":\"https:\\\/\\\/web.mandolinenorchester-hennef-kurscheid.de\\\/#website\",\"url\":\"https:\\\/\\\/web.mandolinenorchester-hennef-kurscheid.de\\\/\",\"name\":\"Mandolinenorchester Hennef\u2011Kurscheid 1924 e.V.\",\"description\":\"Mitglied im Bund Deutscher Zupfmusiker e.V., Nr. 1055\",\"potentialAction\":[{\"@type\":\"SearchAction\",\"target\":{\"@type\":\"EntryPoint\",\"urlTemplate\":\"https:\\\/\\\/web.mandolinenorchester-hennef-kurscheid.de\\\/?s={search_term_string}\"},\"query-input\":{\"@type\":\"PropertyValueSpecification\",\"valueRequired\":true,\"valueName\":\"search_term_string\"}}],\"inLanguage\":\"de\"}]}<\/script>\n<!-- \/ Yoast SEO plugin. -->","yoast_head_json":{"title":"Festschriften - Mandolinenorchester Hennef\u2011Kurscheid 1924 e.V.","robots":{"index":"index","follow":"follow","max-snippet":"max-snippet:-1","max-image-preview":"max-image-preview:large","max-video-preview":"max-video-preview:-1"},"canonical":"https:\/\/web.mandolinenorchester-hennef-kurscheid.de\/?page_id=4509","og_locale":"de_DE","og_type":"article","og_title":"Festschriften - Mandolinenorchester Hennef\u2011Kurscheid 1924 e.V.","og_description":"Zu verschiedenen Vereins-Jubil\u00e4en oder besonderen Veranstaltungen wurden Festschriften ver\u00f6ffentlicht, die wir hier in digitaler Form zur Verf\u00fcgung stellen. Die aktuelle Festschrift von 2024 wurde zum 100-j\u00e4hrigen Bestehen des Vereins erstellt. 25 Jahre zuvor wurde zum 75-j\u00e4hrigen Jubil\u00e4um im Jahr 1999 diese Festschrift ver\u00f6ffentlicht : Die Festschrift zum 75-j\u00e4hrigen Bestehen in h\u00f6herer Aufl\u00f6sung (PDF, ca. 66 &hellip; \u201eFestschriften\u201c weiterlesen","og_url":"https:\/\/web.mandolinenorchester-hennef-kurscheid.de\/?page_id=4509","og_site_name":"Mandolinenorchester Hennef\u2011Kurscheid 1924 e.V.","article_modified_time":"2024-10-20T20:11:55+00:00","og_image":[{"width":808,"height":1152,"url":"https:\/\/web.mandolinenorchester-hennef-kurscheid.de\/wp-content\/uploads\/2024\/10\/2024-100-Jahre-MO-Hennef-Kurscheid.jpg","type":"image\/jpeg"}],"twitter_card":"summary_large_image","twitter_misc":{"Gesch\u00e4tzte Lesezeit":"3\u00a0Minuten"},"schema":{"@context":"https:\/\/schema.org","@graph":[{"@type":"WebPage","@id":"https:\/\/web.mandolinenorchester-hennef-kurscheid.de\/?page_id=4509","url":"https:\/\/web.mandolinenorchester-hennef-kurscheid.de\/?page_id=4509","name":"Festschriften - Mandolinenorchester Hennef\u2011Kurscheid 1924 e.V.","isPartOf":{"@id":"https:\/\/web.mandolinenorchester-hennef-kurscheid.de\/#website"},"primaryImageOfPage":{"@id":"https:\/\/web.mandolinenorchester-hennef-kurscheid.de\/?page_id=4509#primaryimage"},"image":{"@id":"https:\/\/web.mandolinenorchester-hennef-kurscheid.de\/?page_id=4509#primaryimage"},"thumbnailUrl":"https:\/\/web.mandolinenorchester-hennef-kurscheid.de\/wp-content\/uploads\/2024\/10\/2024-100-Jahre-MO-Hennef-Kurscheid-718x1024.jpg","datePublished":"2022-07-24T17:08:20+00:00","dateModified":"2024-10-20T20:11:55+00:00","breadcrumb":{"@id":"https:\/\/web.mandolinenorchester-hennef-kurscheid.de\/?page_id=4509#breadcrumb"},"inLanguage":"de","potentialAction":[{"@type":"ReadAction","target":["https:\/\/web.mandolinenorchester-hennef-kurscheid.de\/?page_id=4509"]}]},{"@type":"ImageObject","inLanguage":"de","@id":"https:\/\/web.mandolinenorchester-hennef-kurscheid.de\/?page_id=4509#primaryimage","url":"https:\/\/web.mandolinenorchester-hennef-kurscheid.de\/wp-content\/uploads\/2024\/10\/2024-100-Jahre-MO-Hennef-Kurscheid.jpg","contentUrl":"https:\/\/web.mandolinenorchester-hennef-kurscheid.de\/wp-content\/uploads\/2024\/10\/2024-100-Jahre-MO-Hennef-Kurscheid.jpg","width":808,"height":1152,"caption":"100 Jahre Mandolinenorchster Hennef-Kurscheid (PDF, ca. 25 MB)"},{"@type":"BreadcrumbList","@id":"https:\/\/web.mandolinenorchester-hennef-kurscheid.de\/?page_id=4509#breadcrumb","itemListElement":[{"@type":"ListItem","position":1,"name":"Startseite","item":"https:\/\/web.mandolinenorchester-hennef-kurscheid.de\/"},{"@type":"ListItem","position":2,"name":"Festschriften"}]},{"@type":"WebSite","@id":"https:\/\/web.mandolinenorchester-hennef-kurscheid.de\/#website","url":"https:\/\/web.mandolinenorchester-hennef-kurscheid.de\/","name":"Mandolinenorchester Hennef\u2011Kurscheid 1924 e.V.","description":"Mitglied im Bund Deutscher Zupfmusiker e.V., Nr. 1055","potentialAction":[{"@type":"SearchAction","target":{"@type":"EntryPoint","urlTemplate":"https:\/\/web.mandolinenorchester-hennef-kurscheid.de\/?s={search_term_string}"},"query-input":{"@type":"PropertyValueSpecification","valueRequired":true,"valueName":"search_term_string"}}],"inLanguage":"de"}]}},"jetpack_sharing_enabled":true,"_links":{"self":[{"href":"https:\/\/web.mandolinenorchester-hennef-kurscheid.de\/index.php?rest_route=\/wp\/v2\/pages\/4509","targetHints":{"allow":["GET"]}}],"collection":[{"href":"https:\/\/web.mandolinenorchester-hennef-kurscheid.de\/index.php?rest_route=\/wp\/v2\/pages"}],"about":[{"href":"https:\/\/web.mandolinenorchester-hennef-kurscheid.de\/index.php?rest_route=\/wp\/v2\/types\/page"}],"author":[{"embeddable":true,"href":"https:\/\/web.mandolinenorchester-hennef-kurscheid.de\/index.php?rest_route=\/wp\/v2\/users\/1"}],"replies":[{"embeddable":true,"href":"https:\/\/web.mandolinenorchester-hennef-kurscheid.de\/index.php?rest_route=%2Fwp%2Fv2%2Fcomments&post=4509"}],"version-history":[{"count":12,"href":"https:\/\/web.mandolinenorchester-hennef-kurscheid.de\/index.php?rest_route=\/wp\/v2\/pages\/4509\/revisions"}],"predecessor-version":[{"id":5474,"href":"https:\/\/web.mandolinenorchester-hennef-kurscheid.de\/index.php?rest_route=\/wp\/v2\/pages\/4509\/revisions\/5474"}],"wp:attachment":[{"href":"https:\/\/web.mandolinenorchester-hennef-kurscheid.de\/index.php?rest_route=%2Fwp%2Fv2%2Fmedia&parent=4509"}],"curies":[{"name":"wp","href":"https:\/\/api.w.org\/{rel}","templated":true}]}}