{"id":4300,"date":"2022-03-27T17:28:43","date_gmt":"2022-03-27T15:28:43","guid":{"rendered":"https:\/\/web.mandolinenorchester-hennef-kurscheid.de\/?page_id=4300"},"modified":"2025-04-13T14:46:58","modified_gmt":"2025-04-13T12:46:58","slug":"vita","status":"publish","type":"page","link":"https:\/\/web.mandolinenorchester-hennef-kurscheid.de\/?page_id=4300","title":{"rendered":"Vita"},"content":{"rendered":"\n<figure class=\"wp-block-gallery aligncenter has-nested-images columns-default is-cropped wp-block-gallery-1 is-layout-flex wp-block-gallery-is-layout-flex\">\n<figure class=\"wp-block-image size-full\"><img loading=\"lazy\" decoding=\"async\" width=\"2560\" height=\"1062\" data-id=\"5405\" src=\"https:\/\/web.mandolinenorchester-hennef-kurscheid.de\/wp-content\/uploads\/2024\/09\/2024_06_23-Orchester-gross-scaled.jpg\" alt=\"\" class=\"wp-image-5405\" srcset=\"https:\/\/web.mandolinenorchester-hennef-kurscheid.de\/wp-content\/uploads\/2024\/09\/2024_06_23-Orchester-gross-scaled.jpg 2560w, https:\/\/web.mandolinenorchester-hennef-kurscheid.de\/wp-content\/uploads\/2024\/09\/2024_06_23-Orchester-gross-300x124.jpg 300w, https:\/\/web.mandolinenorchester-hennef-kurscheid.de\/wp-content\/uploads\/2024\/09\/2024_06_23-Orchester-gross-1024x425.jpg 1024w, https:\/\/web.mandolinenorchester-hennef-kurscheid.de\/wp-content\/uploads\/2024\/09\/2024_06_23-Orchester-gross-768x318.jpg 768w, https:\/\/web.mandolinenorchester-hennef-kurscheid.de\/wp-content\/uploads\/2024\/09\/2024_06_23-Orchester-gross-1536x637.jpg 1536w, https:\/\/web.mandolinenorchester-hennef-kurscheid.de\/wp-content\/uploads\/2024\/09\/2024_06_23-Orchester-gross-2048x849.jpg 2048w\" sizes=\"auto, (max-width: 767px) 89vw, (max-width: 1000px) 54vw, (max-width: 1071px) 543px, 580px\" \/><figcaption class=\"wp-element-caption\">Das Mandolinenorchester Hennef-Kurscheid 1924 e.V. vor dem Konzert am 05.05.2019<\/figcaption><\/figure>\n<\/figure>\n\n\n\n<p>Das Mandolinenorchester Hennef-Kurscheid 1924 e.V. ist seit \u00fcber hundert Jahren eine kleine Gr\u00f6\u00dfe in Hennef. Urspr\u00fcnglich als Wanderclub \u201eHeimatkl\u00e4nge\u201c von <strong>Eduard H\u00f6hner<\/strong> gegr\u00fcndet, ging es in den Vereinsanf\u00e4ngen neben der Musik auch um die Natur und den Wandersport.<\/p>\n\n\n\n<p>Nachdem wie bei vielen anderen Vereinen das Vereinsleben w\u00e4hrend des zweiten Weltkriegs vollst\u00e4ndig zum Erliegen kam, wurde der Probenbetrieb 1947 z\u00fcgig wieder aufgenommen, diesmal vollst\u00e4ndig unter dem Gesichtspunkt der Musik.<\/p>\n\n\n\n<p>Mit <strong>Rudolf Steinb\u00fcchel<\/strong>&nbsp;als Dirigenten gelang dem Orchester endg\u00fcltig der Wandel zur konzertanten Zupfmusik. &nbsp;Unter ihm vollbrachte das Orchester von 1968 bis 1982 eine bemerkenswerte musikalische Fortentwicklung.<\/p>\n\n\n\n<p>Gegen Ende des Jahrhunderts wurde zus\u00e4tzlich zum \u201eregul\u00e4ren\u201c Orchester auch eine Sch\u00fclergruppe gegr\u00fcndet, um den Vereinsnachwuchs zu sichern und auch jungen Menschen das Musizieren im Orchester nahe zu bringen. Noch heute treten junge Musiksch\u00fcler erst in das Jugendorchester ein bevor sie sp\u00e4ter ins gro\u00dfe Orchester \u00fcbergehen.<\/p>\n\n\n\n<p>Von&nbsp;1983 bis&nbsp;2007&nbsp;lag die musikalische Leitung des Orchesters in den H\u00e4nden von <strong>Albert Seibert<\/strong>. Er hat&nbsp;in dieser Zeit das hohe spielerische Niveau weiter ausgebaut und stetig neue Impulse vermittelt. Dabei hat er das Repertoire nachhaltig gepr\u00e4gt: Der Weg f\u00fchrte zu Neukompositionen f\u00fcr Zupfmusik wie aber auch zu vermehrter R\u00fcckbesinnung auf die Zupfmusik der Barockzeit.<\/p>\n\n\n\n<p>Von 2007 bis 2023 lag die musikalische Leitung des Orchesters bei <strong><a aria-label=\" (opens in a new tab)\" href=\"https:\/\/elkelimbach.de\/\" target=\"_blank\" rel=\"noreferrer noopener\" class=\"ek-link\">Elke Limbach<\/a><\/strong>, die mit&nbsp;gro\u00dfem Talent, K\u00f6nnen und&nbsp;herausragender Professionalit\u00e4t das Orchester permanent fordert und sowohl Spieler als auch Zuh\u00f6rer immer wieder begeistert. Au\u00dferdem kann der Verein durch die Ausbildung zahlreicher Sch\u00fcler auf h\u00f6chstem Niveau durch <a aria-label=\" (opens in a new tab)\" href=\"https:\/\/elkelimbach.de\/\" target=\"_blank\" rel=\"noreferrer noopener\" class=\"ek-link\">Elke Limbach<\/a> frohen Mutes in die Zukunft schauen.<\/p>\n\n\n\n<p>Seit 2024 liegt die musikalische Leitung in den H\u00e4nden von <strong>Anna Burova<\/strong>, die an der Hochschule f\u00fcr Musik und Tanz (HfMT) in K\u00f6ln Dirigat als Haupfach studiert hat und das Orchester kontinuierlich weiterentwickelt.<\/p>\n","protected":false},"excerpt":{"rendered":"<p>Das Mandolinenorchester Hennef-Kurscheid 1924 e.V. ist seit \u00fcber hundert Jahren eine kleine Gr\u00f6\u00dfe in Hennef. Urspr\u00fcnglich als Wanderclub \u201eHeimatkl\u00e4nge\u201c von Eduard H\u00f6hner gegr\u00fcndet, ging es in den Vereinsanf\u00e4ngen neben der Musik auch um die Natur und den Wandersport. Nachdem wie bei vielen anderen Vereinen das Vereinsleben w\u00e4hrend des zweiten Weltkriegs vollst\u00e4ndig zum Erliegen kam, wurde &hellip; <\/p>\n<p class=\"link-more\"><a href=\"https:\/\/web.mandolinenorchester-hennef-kurscheid.de\/?page_id=4300\" class=\"more-link\"><span class=\"screen-reader-text\">\u201eVita\u201c <\/span>weiterlesen<\/a><\/p>\n","protected":false},"author":1,"featured_media":0,"parent":0,"menu_order":0,"comment_status":"closed","ping_status":"closed","template":"","meta":{"_editorskit_title_hidden":false,"_editorskit_reading_time":0,"_editorskit_is_block_options_detached":false,"_editorskit_block_options_position":"{}","inline_featured_image":false,"footnotes":""},"class_list":["post-4300","page","type-page","status-publish","hentry"],"yoast_head":"<!-- This site is optimized with the Yoast SEO plugin v27.4 - https:\/\/yoast.com\/product\/yoast-seo-wordpress\/ -->\n<title>Vita - Mandolinenorchester Hennef\u2011Kurscheid 1924 e.V.<\/title>\n<meta name=\"robots\" content=\"index, follow, max-snippet:-1, max-image-preview:large, max-video-preview:-1\" \/>\n<link rel=\"canonical\" href=\"https:\/\/web.mandolinenorchester-hennef-kurscheid.de\/?page_id=4300\" \/>\n<meta property=\"og:locale\" content=\"de_DE\" \/>\n<meta property=\"og:type\" content=\"article\" \/>\n<meta property=\"og:title\" content=\"Vita - Mandolinenorchester Hennef\u2011Kurscheid 1924 e.V.\" \/>\n<meta property=\"og:description\" content=\"Das Mandolinenorchester Hennef-Kurscheid 1924 e.V. ist seit \u00fcber hundert Jahren eine kleine Gr\u00f6\u00dfe in Hennef. Urspr\u00fcnglich als Wanderclub \u201eHeimatkl\u00e4nge\u201c von Eduard H\u00f6hner gegr\u00fcndet, ging es in den Vereinsanf\u00e4ngen neben der Musik auch um die Natur und den Wandersport. Nachdem wie bei vielen anderen Vereinen das Vereinsleben w\u00e4hrend des zweiten Weltkriegs vollst\u00e4ndig zum Erliegen kam, wurde &hellip; \u201eVita\u201c weiterlesen\" \/>\n<meta property=\"og:url\" content=\"https:\/\/web.mandolinenorchester-hennef-kurscheid.de\/?page_id=4300\" \/>\n<meta property=\"og:site_name\" content=\"Mandolinenorchester Hennef\u2011Kurscheid 1924 e.V.\" \/>\n<meta property=\"article:modified_time\" content=\"2025-04-13T12:46:58+00:00\" \/>\n<meta property=\"og:image\" content=\"https:\/\/web.mandolinenorchester-hennef-kurscheid.de\/wp-content\/uploads\/2024\/09\/2024_06_23-Orchester-gross-scaled.jpg\" \/>\n\t<meta property=\"og:image:width\" content=\"2560\" \/>\n\t<meta property=\"og:image:height\" content=\"1062\" \/>\n\t<meta property=\"og:image:type\" content=\"image\/jpeg\" \/>\n<meta name=\"twitter:card\" content=\"summary_large_image\" \/>\n<meta name=\"twitter:label1\" content=\"Gesch\u00e4tzte Lesezeit\" \/>\n\t<meta name=\"twitter:data1\" content=\"2\u00a0Minuten\" \/>\n<script type=\"application\/ld+json\" class=\"yoast-schema-graph\">{\"@context\":\"https:\\\/\\\/schema.org\",\"@graph\":[{\"@type\":\"WebPage\",\"@id\":\"https:\\\/\\\/web.mandolinenorchester-hennef-kurscheid.de\\\/?page_id=4300\",\"url\":\"https:\\\/\\\/web.mandolinenorchester-hennef-kurscheid.de\\\/?page_id=4300\",\"name\":\"Vita - Mandolinenorchester Hennef\u2011Kurscheid 1924 e.V.\",\"isPartOf\":{\"@id\":\"https:\\\/\\\/web.mandolinenorchester-hennef-kurscheid.de\\\/#website\"},\"primaryImageOfPage\":{\"@id\":\"https:\\\/\\\/web.mandolinenorchester-hennef-kurscheid.de\\\/?page_id=4300#primaryimage\"},\"image\":{\"@id\":\"https:\\\/\\\/web.mandolinenorchester-hennef-kurscheid.de\\\/?page_id=4300#primaryimage\"},\"thumbnailUrl\":\"https:\\\/\\\/web.mandolinenorchester-hennef-kurscheid.de\\\/wp-content\\\/uploads\\\/2024\\\/09\\\/2024_06_23-Orchester-gross-scaled.jpg\",\"datePublished\":\"2022-03-27T15:28:43+00:00\",\"dateModified\":\"2025-04-13T12:46:58+00:00\",\"breadcrumb\":{\"@id\":\"https:\\\/\\\/web.mandolinenorchester-hennef-kurscheid.de\\\/?page_id=4300#breadcrumb\"},\"inLanguage\":\"de\",\"potentialAction\":[{\"@type\":\"ReadAction\",\"target\":[\"https:\\\/\\\/web.mandolinenorchester-hennef-kurscheid.de\\\/?page_id=4300\"]}]},{\"@type\":\"ImageObject\",\"inLanguage\":\"de\",\"@id\":\"https:\\\/\\\/web.mandolinenorchester-hennef-kurscheid.de\\\/?page_id=4300#primaryimage\",\"url\":\"https:\\\/\\\/web.mandolinenorchester-hennef-kurscheid.de\\\/wp-content\\\/uploads\\\/2024\\\/09\\\/2024_06_23-Orchester-gross-scaled.jpg\",\"contentUrl\":\"https:\\\/\\\/web.mandolinenorchester-hennef-kurscheid.de\\\/wp-content\\\/uploads\\\/2024\\\/09\\\/2024_06_23-Orchester-gross-scaled.jpg\",\"width\":2560,\"height\":1062},{\"@type\":\"BreadcrumbList\",\"@id\":\"https:\\\/\\\/web.mandolinenorchester-hennef-kurscheid.de\\\/?page_id=4300#breadcrumb\",\"itemListElement\":[{\"@type\":\"ListItem\",\"position\":1,\"name\":\"Startseite\",\"item\":\"https:\\\/\\\/web.mandolinenorchester-hennef-kurscheid.de\\\/\"},{\"@type\":\"ListItem\",\"position\":2,\"name\":\"Vita\"}]},{\"@type\":\"WebSite\",\"@id\":\"https:\\\/\\\/web.mandolinenorchester-hennef-kurscheid.de\\\/#website\",\"url\":\"https:\\\/\\\/web.mandolinenorchester-hennef-kurscheid.de\\\/\",\"name\":\"Mandolinenorchester Hennef\u2011Kurscheid 1924 e.V.\",\"description\":\"Mitglied im Bund Deutscher Zupfmusiker e.V., Nr. 1055\",\"potentialAction\":[{\"@type\":\"SearchAction\",\"target\":{\"@type\":\"EntryPoint\",\"urlTemplate\":\"https:\\\/\\\/web.mandolinenorchester-hennef-kurscheid.de\\\/?s={search_term_string}\"},\"query-input\":{\"@type\":\"PropertyValueSpecification\",\"valueRequired\":true,\"valueName\":\"search_term_string\"}}],\"inLanguage\":\"de\"}]}<\/script>\n<!-- \/ Yoast SEO plugin. -->","yoast_head_json":{"title":"Vita - Mandolinenorchester Hennef\u2011Kurscheid 1924 e.V.","robots":{"index":"index","follow":"follow","max-snippet":"max-snippet:-1","max-image-preview":"max-image-preview:large","max-video-preview":"max-video-preview:-1"},"canonical":"https:\/\/web.mandolinenorchester-hennef-kurscheid.de\/?page_id=4300","og_locale":"de_DE","og_type":"article","og_title":"Vita - Mandolinenorchester Hennef\u2011Kurscheid 1924 e.V.","og_description":"Das Mandolinenorchester Hennef-Kurscheid 1924 e.V. ist seit \u00fcber hundert Jahren eine kleine Gr\u00f6\u00dfe in Hennef. Urspr\u00fcnglich als Wanderclub \u201eHeimatkl\u00e4nge\u201c von Eduard H\u00f6hner gegr\u00fcndet, ging es in den Vereinsanf\u00e4ngen neben der Musik auch um die Natur und den Wandersport. Nachdem wie bei vielen anderen Vereinen das Vereinsleben w\u00e4hrend des zweiten Weltkriegs vollst\u00e4ndig zum Erliegen kam, wurde &hellip; \u201eVita\u201c weiterlesen","og_url":"https:\/\/web.mandolinenorchester-hennef-kurscheid.de\/?page_id=4300","og_site_name":"Mandolinenorchester Hennef\u2011Kurscheid 1924 e.V.","article_modified_time":"2025-04-13T12:46:58+00:00","og_image":[{"width":2560,"height":1062,"url":"https:\/\/web.mandolinenorchester-hennef-kurscheid.de\/wp-content\/uploads\/2024\/09\/2024_06_23-Orchester-gross-scaled.jpg","type":"image\/jpeg"}],"twitter_card":"summary_large_image","twitter_misc":{"Gesch\u00e4tzte Lesezeit":"2\u00a0Minuten"},"schema":{"@context":"https:\/\/schema.org","@graph":[{"@type":"WebPage","@id":"https:\/\/web.mandolinenorchester-hennef-kurscheid.de\/?page_id=4300","url":"https:\/\/web.mandolinenorchester-hennef-kurscheid.de\/?page_id=4300","name":"Vita - Mandolinenorchester Hennef\u2011Kurscheid 1924 e.V.","isPartOf":{"@id":"https:\/\/web.mandolinenorchester-hennef-kurscheid.de\/#website"},"primaryImageOfPage":{"@id":"https:\/\/web.mandolinenorchester-hennef-kurscheid.de\/?page_id=4300#primaryimage"},"image":{"@id":"https:\/\/web.mandolinenorchester-hennef-kurscheid.de\/?page_id=4300#primaryimage"},"thumbnailUrl":"https:\/\/web.mandolinenorchester-hennef-kurscheid.de\/wp-content\/uploads\/2024\/09\/2024_06_23-Orchester-gross-scaled.jpg","datePublished":"2022-03-27T15:28:43+00:00","dateModified":"2025-04-13T12:46:58+00:00","breadcrumb":{"@id":"https:\/\/web.mandolinenorchester-hennef-kurscheid.de\/?page_id=4300#breadcrumb"},"inLanguage":"de","potentialAction":[{"@type":"ReadAction","target":["https:\/\/web.mandolinenorchester-hennef-kurscheid.de\/?page_id=4300"]}]},{"@type":"ImageObject","inLanguage":"de","@id":"https:\/\/web.mandolinenorchester-hennef-kurscheid.de\/?page_id=4300#primaryimage","url":"https:\/\/web.mandolinenorchester-hennef-kurscheid.de\/wp-content\/uploads\/2024\/09\/2024_06_23-Orchester-gross-scaled.jpg","contentUrl":"https:\/\/web.mandolinenorchester-hennef-kurscheid.de\/wp-content\/uploads\/2024\/09\/2024_06_23-Orchester-gross-scaled.jpg","width":2560,"height":1062},{"@type":"BreadcrumbList","@id":"https:\/\/web.mandolinenorchester-hennef-kurscheid.de\/?page_id=4300#breadcrumb","itemListElement":[{"@type":"ListItem","position":1,"name":"Startseite","item":"https:\/\/web.mandolinenorchester-hennef-kurscheid.de\/"},{"@type":"ListItem","position":2,"name":"Vita"}]},{"@type":"WebSite","@id":"https:\/\/web.mandolinenorchester-hennef-kurscheid.de\/#website","url":"https:\/\/web.mandolinenorchester-hennef-kurscheid.de\/","name":"Mandolinenorchester Hennef\u2011Kurscheid 1924 e.V.","description":"Mitglied im Bund Deutscher Zupfmusiker e.V., Nr. 1055","potentialAction":[{"@type":"SearchAction","target":{"@type":"EntryPoint","urlTemplate":"https:\/\/web.mandolinenorchester-hennef-kurscheid.de\/?s={search_term_string}"},"query-input":{"@type":"PropertyValueSpecification","valueRequired":true,"valueName":"search_term_string"}}],"inLanguage":"de"}]}},"jetpack_sharing_enabled":true,"_links":{"self":[{"href":"https:\/\/web.mandolinenorchester-hennef-kurscheid.de\/index.php?rest_route=\/wp\/v2\/pages\/4300","targetHints":{"allow":["GET"]}}],"collection":[{"href":"https:\/\/web.mandolinenorchester-hennef-kurscheid.de\/index.php?rest_route=\/wp\/v2\/pages"}],"about":[{"href":"https:\/\/web.mandolinenorchester-hennef-kurscheid.de\/index.php?rest_route=\/wp\/v2\/types\/page"}],"author":[{"embeddable":true,"href":"https:\/\/web.mandolinenorchester-hennef-kurscheid.de\/index.php?rest_route=\/wp\/v2\/users\/1"}],"replies":[{"embeddable":true,"href":"https:\/\/web.mandolinenorchester-hennef-kurscheid.de\/index.php?rest_route=%2Fwp%2Fv2%2Fcomments&post=4300"}],"version-history":[{"count":5,"href":"https:\/\/web.mandolinenorchester-hennef-kurscheid.de\/index.php?rest_route=\/wp\/v2\/pages\/4300\/revisions"}],"predecessor-version":[{"id":5755,"href":"https:\/\/web.mandolinenorchester-hennef-kurscheid.de\/index.php?rest_route=\/wp\/v2\/pages\/4300\/revisions\/5755"}],"wp:attachment":[{"href":"https:\/\/web.mandolinenorchester-hennef-kurscheid.de\/index.php?rest_route=%2Fwp%2Fv2%2Fmedia&parent=4300"}],"curies":[{"name":"wp","href":"https:\/\/api.w.org\/{rel}","templated":true}]}}