{"id":3255,"date":"2020-08-08T12:30:52","date_gmt":"2020-08-08T10:30:52","guid":{"rendered":"https:\/\/web.mandolinenorchester-hennef-kurscheid.de\/?page_id=3255"},"modified":"2024-06-05T14:23:23","modified_gmt":"2024-06-05T12:23:23","slug":"ensembles-fuer-proben-waehrend-der-corona-pandemie","status":"publish","type":"page","link":"https:\/\/web.mandolinenorchester-hennef-kurscheid.de\/?page_id=3255","title":{"rendered":"Ensembles f\u00fcr Proben w\u00e4hrend der Corona-Pandemie"},"content":{"rendered":"<div id=\"ez-toc-container\" class=\"ez-toc-v2_0_83 counter-hierarchy ez-toc-counter ez-toc-grey ez-toc-container-direction\">\n<div class=\"ez-toc-title-container\">\n<p class=\"ez-toc-title ez-toc-toggle\" style=\"cursor:pointer\">Inhalt<\/p>\n<span class=\"ez-toc-title-toggle\"><a href=\"#\" class=\"ez-toc-pull-right ez-toc-btn ez-toc-btn-xs ez-toc-btn-default ez-toc-toggle\" aria-label=\"Toggle Table of Content\"><span class=\"ez-toc-js-icon-con\"><span class=\"\"><span class=\"eztoc-hide\" style=\"display:none;\">Toggle<\/span><span class=\"ez-toc-icon-toggle-span\"><svg style=\"fill: #999;color:#999\" xmlns=\"http:\/\/www.w3.org\/2000\/svg\" class=\"list-377408\" width=\"20px\" height=\"20px\" viewBox=\"0 0 24 24\" fill=\"none\"><path d=\"M6 6H4v2h2V6zm14 0H8v2h12V6zM4 11h2v2H4v-2zm16 0H8v2h12v-2zM4 16h2v2H4v-2zm16 0H8v2h12v-2z\" fill=\"currentColor\"><\/path><\/svg><svg style=\"fill: #999;color:#999\" class=\"arrow-unsorted-368013\" xmlns=\"http:\/\/www.w3.org\/2000\/svg\" width=\"10px\" height=\"10px\" viewBox=\"0 0 24 24\" version=\"1.2\" baseProfile=\"tiny\"><path d=\"M18.2 9.3l-6.2-6.3-6.2 6.3c-.2.2-.3.4-.3.7s.1.5.3.7c.2.2.4.3.7.3h11c.3 0 .5-.1.7-.3.2-.2.3-.5.3-.7s-.1-.5-.3-.7zM5.8 14.7l6.2 6.3 6.2-6.3c.2-.2.3-.5.3-.7s-.1-.5-.3-.7c-.2-.2-.4-.3-.7-.3h-11c-.3 0-.5.1-.7.3-.2.2-.3.5-.3.7s.1.5.3.7z\"\/><\/svg><\/span><\/span><\/span><\/a><\/span><\/div>\n<nav><ul class='ez-toc-list ez-toc-list-level-1 ' ><li class='ez-toc-page-1 ez-toc-heading-level-2'><a class=\"ez-toc-link ez-toc-heading-1\" href=\"https:\/\/web.mandolinenorchester-hennef-kurscheid.de\/?page_id=3255\/#Ensemble_1_Schule_unterer_Probenraum\" >Ensemble 1 (Schule, unterer Probenraum)<\/a><\/li><li class='ez-toc-page-1 ez-toc-heading-level-2'><a class=\"ez-toc-link ez-toc-heading-2\" href=\"https:\/\/web.mandolinenorchester-hennef-kurscheid.de\/?page_id=3255\/#Ensemble_2_Schule_oberer_Probenraum\" >Ensemble 2 (Schule, oberer Probenraum)<\/a><\/li><li class='ez-toc-page-1 ez-toc-heading-level-2'><a class=\"ez-toc-link ez-toc-heading-3\" href=\"https:\/\/web.mandolinenorchester-hennef-kurscheid.de\/?page_id=3255\/#Ensemble_3_Westerhausener_Kirche\" >Ensemble 3 (Westerhausener Kirche)<\/a><\/li><li class='ez-toc-page-1 ez-toc-heading-level-2'><a class=\"ez-toc-link ez-toc-heading-4\" href=\"https:\/\/web.mandolinenorchester-hennef-kurscheid.de\/?page_id=3255\/#Ensemble_4_bei_Elke\" >Ensemble 4 (bei Elke)<\/a><\/li><\/ul><\/nav><\/div>\n\n<p>W\u00e4hrend der Corona-Pandemie k\u00f6nnen wir aufgrund von Vorgaben der Coronaschutzverordnung im Erwachsenenorchester nur in kleinen Ensembles in verschiedenen R\u00e4umen proben.<\/p>\n\n\n\n<p>Damit effektive Proben durchgef\u00fchrt werden k\u00f6nnen, ist es erforderlich, dass alle Ensemble-Teilnehmer regelm\u00e4\u00dfig an den Proben teilnehmen, da einige Stimmen teilweise nur einzeln besetzt sind. <\/p>\n\n\n\n<p>Die Aufteilung der Ensembles mit den jeweiligen R\u00e4umen ist wie folgt, wobei Elke auch zwischen den Ensembles pendeln wird:<\/p>\n\n\n\n<h2 class=\"wp-block-heading\"><span class=\"ez-toc-section\" id=\"Ensemble_1_Schule_unterer_Probenraum\"><\/span>Ensemble 1 (Schule, unterer Probenraum)<span class=\"ez-toc-section-end\"><\/span><\/h2>\n\n\n\n<ul class=\"wp-block-list\">\n<li>Mandoline 1: Robert (Leitung), Jutta<\/li>\n\n\n\n<li>Mandoline 2: Eva<\/li>\n\n\n\n<li>Mandola: Claudia<\/li>\n\n\n\n<li>Gitarre: Doris und Rita<\/li>\n\n\n\n<li>Bass: Uli<\/li>\n\n\n\n<li><strong>Uhrzeit: 19:30 &#8211; 21:30 Uhr<\/strong><\/li>\n<\/ul>\n\n\n\n<h2 class=\"wp-block-heading\"><span class=\"ez-toc-section\" id=\"Ensemble_2_Schule_oberer_Probenraum\"><\/span>Ensemble 2 (Schule, oberer Probenraum)<span class=\"ez-toc-section-end\"><\/span><\/h2>\n\n\n\n<ul class=\"wp-block-list\">\n<li>Mandoline 1: Daniela, Katja<\/li>\n\n\n\n<li>Mandoline 2: Doris, Kerstin (Leitung)<\/li>\n\n\n\n<li>Mandola: Sarah<\/li>\n\n\n\n<li>Gitarre: Marina, Renate<\/li>\n\n\n\n<li><strong>Uhrzeit: 19:30 &#8211; 21:30 Uhr<\/strong><\/li>\n<\/ul>\n\n\n\n<h2 class=\"wp-block-heading\"><span class=\"ez-toc-section\" id=\"Ensemble_3_Westerhausener_Kirche\"><\/span>Ensemble 3 (Westerhausener Kirche)<span class=\"ez-toc-section-end\"><\/span><\/h2>\n\n\n\n<ul class=\"wp-block-list\">\n<li>Mandoline: Claudia, Pauline, Marta, Sarah, Manish, Mia<\/li>\n\n\n\n<li>Mandola: Greta, Astrid<\/li>\n\n\n\n<li>Gitarre: Carlotta, Fabian, Nina, Ole, Matteo, Simon, Silas<\/li>\n\n\n\n<li>Bass: Hans-Dieter, Alex<\/li>\n\n\n\n<li>Leitung: Elke<\/li>\n\n\n\n<li><strong>Uhrzeit: 19:30 &#8211; 21:00 Uhr<\/strong><\/li>\n<\/ul>\n\n\n\n<h2 class=\"wp-block-heading\"><span class=\"ez-toc-section\" id=\"Ensemble_4_bei_Elke\"><\/span>Ensemble 4 (bei Elke)<span class=\"ez-toc-section-end\"><\/span><\/h2>\n\n\n\n<ul class=\"wp-block-list\">\n<li>Mandoline 1: Michael (Leitung)<\/li>\n\n\n\n<li>Mandoline 2: Mechthild, Maike, Josef<\/li>\n\n\n\n<li>Mandola: Andrea, Jung-Hee<\/li>\n\n\n\n<li>Gitarre: Martin<\/li>\n\n\n\n<li><strong>Uhrzeit: 19:30 &#8211; 21:30 Uhr<\/strong><\/li>\n<\/ul>\n","protected":false},"excerpt":{"rendered":"<p>W\u00e4hrend der Corona-Pandemie k\u00f6nnen wir aufgrund von Vorgaben der Coronaschutzverordnung im Erwachsenenorchester nur in kleinen Ensembles in verschiedenen R\u00e4umen proben. Damit effektive Proben durchgef\u00fchrt werden k\u00f6nnen, ist es erforderlich, dass alle Ensemble-Teilnehmer regelm\u00e4\u00dfig an den Proben teilnehmen, da einige Stimmen teilweise nur einzeln besetzt sind. Die Aufteilung der Ensembles mit den jeweiligen R\u00e4umen ist wie &hellip; <\/p>\n<p class=\"link-more\"><a href=\"https:\/\/web.mandolinenorchester-hennef-kurscheid.de\/?page_id=3255\" class=\"more-link\"><span class=\"screen-reader-text\">\u201eEnsembles f\u00fcr Proben w\u00e4hrend der Corona-Pandemie\u201c <\/span>weiterlesen<\/a><\/p>\n","protected":false},"author":1,"featured_media":0,"parent":0,"menu_order":0,"comment_status":"closed","ping_status":"closed","template":"","meta":{"_editorskit_title_hidden":false,"_editorskit_reading_time":0,"_editorskit_is_block_options_detached":false,"_editorskit_block_options_position":"{}","inline_featured_image":false,"footnotes":""},"class_list":["post-3255","page","type-page","status-publish","hentry"],"yoast_head":"<!-- This site is optimized with the Yoast SEO plugin v27.6 - https:\/\/yoast.com\/product\/yoast-seo-wordpress\/ -->\n<title>Ensembles f\u00fcr Proben w\u00e4hrend der Corona-Pandemie - Mandolinenorchester Hennef\u2011Kurscheid 1924 e.V.<\/title>\n<meta name=\"robots\" content=\"index, follow, max-snippet:-1, max-image-preview:large, max-video-preview:-1\" \/>\n<link rel=\"canonical\" href=\"https:\/\/web.mandolinenorchester-hennef-kurscheid.de\/?page_id=3255\" \/>\n<meta property=\"og:locale\" content=\"de_DE\" \/>\n<meta property=\"og:type\" content=\"article\" \/>\n<meta property=\"og:title\" content=\"Ensembles f\u00fcr Proben w\u00e4hrend der Corona-Pandemie - Mandolinenorchester Hennef\u2011Kurscheid 1924 e.V.\" \/>\n<meta property=\"og:description\" content=\"W\u00e4hrend der Corona-Pandemie k\u00f6nnen wir aufgrund von Vorgaben der Coronaschutzverordnung im Erwachsenenorchester nur in kleinen Ensembles in verschiedenen R\u00e4umen proben. Damit effektive Proben durchgef\u00fchrt werden k\u00f6nnen, ist es erforderlich, dass alle Ensemble-Teilnehmer regelm\u00e4\u00dfig an den Proben teilnehmen, da einige Stimmen teilweise nur einzeln besetzt sind. Die Aufteilung der Ensembles mit den jeweiligen R\u00e4umen ist wie &hellip; \u201eEnsembles f\u00fcr Proben w\u00e4hrend der Corona-Pandemie\u201c weiterlesen\" \/>\n<meta property=\"og:url\" content=\"https:\/\/web.mandolinenorchester-hennef-kurscheid.de\/?page_id=3255\" \/>\n<meta property=\"og:site_name\" content=\"Mandolinenorchester Hennef\u2011Kurscheid 1924 e.V.\" \/>\n<meta property=\"article:modified_time\" content=\"2024-06-05T12:23:23+00:00\" \/>\n<meta name=\"twitter:card\" content=\"summary_large_image\" \/>\n<meta name=\"twitter:label1\" content=\"Gesch\u00e4tzte Lesezeit\" \/>\n\t<meta name=\"twitter:data1\" content=\"1\u00a0Minute\" \/>\n<script type=\"application\/ld+json\" class=\"yoast-schema-graph\">{\"@context\":\"https:\\\/\\\/schema.org\",\"@graph\":[{\"@type\":\"WebPage\",\"@id\":\"https:\\\/\\\/web.mandolinenorchester-hennef-kurscheid.de\\\/?page_id=3255\",\"url\":\"https:\\\/\\\/web.mandolinenorchester-hennef-kurscheid.de\\\/?page_id=3255\",\"name\":\"Ensembles f\u00fcr Proben w\u00e4hrend der Corona-Pandemie - Mandolinenorchester Hennef\u2011Kurscheid 1924 e.V.\",\"isPartOf\":{\"@id\":\"https:\\\/\\\/web.mandolinenorchester-hennef-kurscheid.de\\\/#website\"},\"datePublished\":\"2020-08-08T10:30:52+00:00\",\"dateModified\":\"2024-06-05T12:23:23+00:00\",\"breadcrumb\":{\"@id\":\"https:\\\/\\\/web.mandolinenorchester-hennef-kurscheid.de\\\/?page_id=3255#breadcrumb\"},\"inLanguage\":\"de\",\"potentialAction\":[{\"@type\":\"ReadAction\",\"target\":[\"https:\\\/\\\/web.mandolinenorchester-hennef-kurscheid.de\\\/?page_id=3255\"]}]},{\"@type\":\"BreadcrumbList\",\"@id\":\"https:\\\/\\\/web.mandolinenorchester-hennef-kurscheid.de\\\/?page_id=3255#breadcrumb\",\"itemListElement\":[{\"@type\":\"ListItem\",\"position\":1,\"name\":\"Startseite\",\"item\":\"https:\\\/\\\/web.mandolinenorchester-hennef-kurscheid.de\\\/\"},{\"@type\":\"ListItem\",\"position\":2,\"name\":\"Ensembles f\u00fcr Proben w\u00e4hrend der Corona-Pandemie\"}]},{\"@type\":\"WebSite\",\"@id\":\"https:\\\/\\\/web.mandolinenorchester-hennef-kurscheid.de\\\/#website\",\"url\":\"https:\\\/\\\/web.mandolinenorchester-hennef-kurscheid.de\\\/\",\"name\":\"Mandolinenorchester Hennef\u2011Kurscheid 1924 e.V.\",\"description\":\"Mitglied im Bund Deutscher Zupfmusiker e.V., Nr. 1055\",\"potentialAction\":[{\"@type\":\"SearchAction\",\"target\":{\"@type\":\"EntryPoint\",\"urlTemplate\":\"https:\\\/\\\/web.mandolinenorchester-hennef-kurscheid.de\\\/?s={search_term_string}\"},\"query-input\":{\"@type\":\"PropertyValueSpecification\",\"valueRequired\":true,\"valueName\":\"search_term_string\"}}],\"inLanguage\":\"de\"}]}<\/script>\n<!-- \/ Yoast SEO plugin. -->","yoast_head_json":{"title":"Ensembles f\u00fcr Proben w\u00e4hrend der Corona-Pandemie - Mandolinenorchester Hennef\u2011Kurscheid 1924 e.V.","robots":{"index":"index","follow":"follow","max-snippet":"max-snippet:-1","max-image-preview":"max-image-preview:large","max-video-preview":"max-video-preview:-1"},"canonical":"https:\/\/web.mandolinenorchester-hennef-kurscheid.de\/?page_id=3255","og_locale":"de_DE","og_type":"article","og_title":"Ensembles f\u00fcr Proben w\u00e4hrend der Corona-Pandemie - Mandolinenorchester Hennef\u2011Kurscheid 1924 e.V.","og_description":"W\u00e4hrend der Corona-Pandemie k\u00f6nnen wir aufgrund von Vorgaben der Coronaschutzverordnung im Erwachsenenorchester nur in kleinen Ensembles in verschiedenen R\u00e4umen proben. Damit effektive Proben durchgef\u00fchrt werden k\u00f6nnen, ist es erforderlich, dass alle Ensemble-Teilnehmer regelm\u00e4\u00dfig an den Proben teilnehmen, da einige Stimmen teilweise nur einzeln besetzt sind. Die Aufteilung der Ensembles mit den jeweiligen R\u00e4umen ist wie &hellip; \u201eEnsembles f\u00fcr Proben w\u00e4hrend der Corona-Pandemie\u201c weiterlesen","og_url":"https:\/\/web.mandolinenorchester-hennef-kurscheid.de\/?page_id=3255","og_site_name":"Mandolinenorchester Hennef\u2011Kurscheid 1924 e.V.","article_modified_time":"2024-06-05T12:23:23+00:00","twitter_card":"summary_large_image","twitter_misc":{"Gesch\u00e4tzte Lesezeit":"1\u00a0Minute"},"schema":{"@context":"https:\/\/schema.org","@graph":[{"@type":"WebPage","@id":"https:\/\/web.mandolinenorchester-hennef-kurscheid.de\/?page_id=3255","url":"https:\/\/web.mandolinenorchester-hennef-kurscheid.de\/?page_id=3255","name":"Ensembles f\u00fcr Proben w\u00e4hrend der Corona-Pandemie - Mandolinenorchester Hennef\u2011Kurscheid 1924 e.V.","isPartOf":{"@id":"https:\/\/web.mandolinenorchester-hennef-kurscheid.de\/#website"},"datePublished":"2020-08-08T10:30:52+00:00","dateModified":"2024-06-05T12:23:23+00:00","breadcrumb":{"@id":"https:\/\/web.mandolinenorchester-hennef-kurscheid.de\/?page_id=3255#breadcrumb"},"inLanguage":"de","potentialAction":[{"@type":"ReadAction","target":["https:\/\/web.mandolinenorchester-hennef-kurscheid.de\/?page_id=3255"]}]},{"@type":"BreadcrumbList","@id":"https:\/\/web.mandolinenorchester-hennef-kurscheid.de\/?page_id=3255#breadcrumb","itemListElement":[{"@type":"ListItem","position":1,"name":"Startseite","item":"https:\/\/web.mandolinenorchester-hennef-kurscheid.de\/"},{"@type":"ListItem","position":2,"name":"Ensembles f\u00fcr Proben w\u00e4hrend der Corona-Pandemie"}]},{"@type":"WebSite","@id":"https:\/\/web.mandolinenorchester-hennef-kurscheid.de\/#website","url":"https:\/\/web.mandolinenorchester-hennef-kurscheid.de\/","name":"Mandolinenorchester Hennef\u2011Kurscheid 1924 e.V.","description":"Mitglied im Bund Deutscher Zupfmusiker e.V., Nr. 1055","potentialAction":[{"@type":"SearchAction","target":{"@type":"EntryPoint","urlTemplate":"https:\/\/web.mandolinenorchester-hennef-kurscheid.de\/?s={search_term_string}"},"query-input":{"@type":"PropertyValueSpecification","valueRequired":true,"valueName":"search_term_string"}}],"inLanguage":"de"}]}},"jetpack_sharing_enabled":true,"_links":{"self":[{"href":"https:\/\/web.mandolinenorchester-hennef-kurscheid.de\/index.php?rest_route=\/wp\/v2\/pages\/3255","targetHints":{"allow":["GET"]}}],"collection":[{"href":"https:\/\/web.mandolinenorchester-hennef-kurscheid.de\/index.php?rest_route=\/wp\/v2\/pages"}],"about":[{"href":"https:\/\/web.mandolinenorchester-hennef-kurscheid.de\/index.php?rest_route=\/wp\/v2\/types\/page"}],"author":[{"embeddable":true,"href":"https:\/\/web.mandolinenorchester-hennef-kurscheid.de\/index.php?rest_route=\/wp\/v2\/users\/1"}],"replies":[{"embeddable":true,"href":"https:\/\/web.mandolinenorchester-hennef-kurscheid.de\/index.php?rest_route=%2Fwp%2Fv2%2Fcomments&post=3255"}],"version-history":[{"count":9,"href":"https:\/\/web.mandolinenorchester-hennef-kurscheid.de\/index.php?rest_route=\/wp\/v2\/pages\/3255\/revisions"}],"predecessor-version":[{"id":5365,"href":"https:\/\/web.mandolinenorchester-hennef-kurscheid.de\/index.php?rest_route=\/wp\/v2\/pages\/3255\/revisions\/5365"}],"wp:attachment":[{"href":"https:\/\/web.mandolinenorchester-hennef-kurscheid.de\/index.php?rest_route=%2Fwp%2Fv2%2Fmedia&parent=3255"}],"curies":[{"name":"wp","href":"https:\/\/api.w.org\/{rel}","templated":true}]}}