{"id":193,"date":"2012-12-08T18:10:58","date_gmt":"2012-12-08T17:10:58","guid":{"rendered":"http:\/\/www.mandolinenorchester-kurscheid.de\/wp1\/?page_id=193"},"modified":"2024-10-19T15:54:05","modified_gmt":"2024-10-19T13:54:05","slug":"mitglied-werden","status":"publish","type":"page","link":"https:\/\/web.mandolinenorchester-hennef-kurscheid.de\/?page_id=193","title":{"rendered":"Mitglied werden"},"content":{"rendered":"<p>Werden Sie jetzt Mitglied im Mandolinenorchester!<\/p>\n<p>Hinter dem Orchester steht eine gro\u00dfe Zahl an f\u00f6rdernden Mitgliedern, die unsere Aktivit\u00e4ten erst finanziell m\u00f6glich machen. Die Mitglieder unterst\u00fctzen mit ihrem j\u00e4hrlichen Beitrag unsere Jugendausbildung, die Probenarbeit und f\u00f6rdern die Zupfmusik.<\/p>\n<p>Als Mitglied verpassen Sie keine Termine des Orchesters mehr. Sie erhalten immer eine Einladung zu unseren Veranstaltungen.<\/p>\n<p>F\u00fcllen Sie einfach die\u00a0<a href=\".\/wp-content\/uploads\/2018\/02\/Beitrittserklaerung.pdf\" target=\"_blank\" rel=\"noopener noreferrer\">Beitrittserklaerung<\/a> aus und senden diese an unsere <a title=\"Impressum\" href=\".\/?page_id=58\" target=\"_blank\" rel=\"noopener noreferrer\">Gesch\u00e4ftsstelle<\/a>, Sie erhalten dann umgehend eine schriftliche Best\u00e4tigung. F\u00fcr detaillierte Informationen zum Aufbau und Aufgabengebiet unseres Vereins lesen Sie bitte auch die <a title=\"Satzung\" href=\".\/?page_id=2570\" target=\"_blank\" rel=\"noopener noreferrer\">Satzung<\/a>.<\/p>\n","protected":false},"excerpt":{"rendered":"<p>Werden Sie jetzt Mitglied im Mandolinenorchester! Hinter dem Orchester steht eine gro\u00dfe Zahl an f\u00f6rdernden Mitgliedern, die unsere Aktivit\u00e4ten erst finanziell m\u00f6glich machen. Die Mitglieder unterst\u00fctzen mit ihrem j\u00e4hrlichen Beitrag unsere Jugendausbildung, die Probenarbeit und f\u00f6rdern die Zupfmusik. Als Mitglied verpassen Sie keine Termine des Orchesters mehr. Sie erhalten immer eine Einladung zu unseren Veranstaltungen. &hellip; <\/p>\n<p class=\"link-more\"><a href=\"https:\/\/web.mandolinenorchester-hennef-kurscheid.de\/?page_id=193\" class=\"more-link\"><span class=\"screen-reader-text\">\u201eMitglied werden\u201c <\/span>weiterlesen<\/a><\/p>\n","protected":false},"author":1,"featured_media":0,"parent":0,"menu_order":90,"comment_status":"closed","ping_status":"closed","template":"","meta":{"_editorskit_title_hidden":false,"_editorskit_reading_time":0,"_editorskit_is_block_options_detached":false,"_editorskit_block_options_position":"{}","inline_featured_image":false,"footnotes":""},"class_list":["post-193","page","type-page","status-publish","hentry"],"yoast_head":"<!-- This site is optimized with the Yoast SEO plugin v27.5 - https:\/\/yoast.com\/product\/yoast-seo-wordpress\/ -->\n<title>Mitglied werden - Mandolinenorchester Hennef\u2011Kurscheid 1924 e.V.<\/title>\n<meta name=\"robots\" content=\"index, follow, max-snippet:-1, max-image-preview:large, max-video-preview:-1\" \/>\n<link rel=\"canonical\" href=\"https:\/\/web.mandolinenorchester-hennef-kurscheid.de\/?page_id=193\" \/>\n<meta property=\"og:locale\" content=\"de_DE\" \/>\n<meta property=\"og:type\" content=\"article\" \/>\n<meta property=\"og:title\" content=\"Mitglied werden - Mandolinenorchester Hennef\u2011Kurscheid 1924 e.V.\" \/>\n<meta property=\"og:description\" content=\"Werden Sie jetzt Mitglied im Mandolinenorchester! Hinter dem Orchester steht eine gro\u00dfe Zahl an f\u00f6rdernden Mitgliedern, die unsere Aktivit\u00e4ten erst finanziell m\u00f6glich machen. Die Mitglieder unterst\u00fctzen mit ihrem j\u00e4hrlichen Beitrag unsere Jugendausbildung, die Probenarbeit und f\u00f6rdern die Zupfmusik. Als Mitglied verpassen Sie keine Termine des Orchesters mehr. Sie erhalten immer eine Einladung zu unseren Veranstaltungen. &hellip; \u201eMitglied werden\u201c weiterlesen\" \/>\n<meta property=\"og:url\" content=\"https:\/\/web.mandolinenorchester-hennef-kurscheid.de\/?page_id=193\" \/>\n<meta property=\"og:site_name\" content=\"Mandolinenorchester Hennef\u2011Kurscheid 1924 e.V.\" \/>\n<meta property=\"article:modified_time\" content=\"2024-10-19T13:54:05+00:00\" \/>\n<meta name=\"twitter:card\" content=\"summary_large_image\" \/>\n<meta name=\"twitter:label1\" content=\"Gesch\u00e4tzte Lesezeit\" \/>\n\t<meta name=\"twitter:data1\" content=\"1\u00a0Minute\" \/>\n<script type=\"application\/ld+json\" class=\"yoast-schema-graph\">{\"@context\":\"https:\\\/\\\/schema.org\",\"@graph\":[{\"@type\":\"WebPage\",\"@id\":\"https:\\\/\\\/web.mandolinenorchester-hennef-kurscheid.de\\\/?page_id=193\",\"url\":\"https:\\\/\\\/web.mandolinenorchester-hennef-kurscheid.de\\\/?page_id=193\",\"name\":\"Mitglied werden - Mandolinenorchester Hennef\u2011Kurscheid 1924 e.V.\",\"isPartOf\":{\"@id\":\"https:\\\/\\\/web.mandolinenorchester-hennef-kurscheid.de\\\/#website\"},\"datePublished\":\"2012-12-08T17:10:58+00:00\",\"dateModified\":\"2024-10-19T13:54:05+00:00\",\"breadcrumb\":{\"@id\":\"https:\\\/\\\/web.mandolinenorchester-hennef-kurscheid.de\\\/?page_id=193#breadcrumb\"},\"inLanguage\":\"de\",\"potentialAction\":[{\"@type\":\"ReadAction\",\"target\":[\"https:\\\/\\\/web.mandolinenorchester-hennef-kurscheid.de\\\/?page_id=193\"]}]},{\"@type\":\"BreadcrumbList\",\"@id\":\"https:\\\/\\\/web.mandolinenorchester-hennef-kurscheid.de\\\/?page_id=193#breadcrumb\",\"itemListElement\":[{\"@type\":\"ListItem\",\"position\":1,\"name\":\"Startseite\",\"item\":\"https:\\\/\\\/web.mandolinenorchester-hennef-kurscheid.de\\\/\"},{\"@type\":\"ListItem\",\"position\":2,\"name\":\"Mitglied werden\"}]},{\"@type\":\"WebSite\",\"@id\":\"https:\\\/\\\/web.mandolinenorchester-hennef-kurscheid.de\\\/#website\",\"url\":\"https:\\\/\\\/web.mandolinenorchester-hennef-kurscheid.de\\\/\",\"name\":\"Mandolinenorchester Hennef\u2011Kurscheid 1924 e.V.\",\"description\":\"Mitglied im Bund Deutscher Zupfmusiker e.V., Nr. 1055\",\"potentialAction\":[{\"@type\":\"SearchAction\",\"target\":{\"@type\":\"EntryPoint\",\"urlTemplate\":\"https:\\\/\\\/web.mandolinenorchester-hennef-kurscheid.de\\\/?s={search_term_string}\"},\"query-input\":{\"@type\":\"PropertyValueSpecification\",\"valueRequired\":true,\"valueName\":\"search_term_string\"}}],\"inLanguage\":\"de\"}]}<\/script>\n<!-- \/ Yoast SEO plugin. -->","yoast_head_json":{"title":"Mitglied werden - Mandolinenorchester Hennef\u2011Kurscheid 1924 e.V.","robots":{"index":"index","follow":"follow","max-snippet":"max-snippet:-1","max-image-preview":"max-image-preview:large","max-video-preview":"max-video-preview:-1"},"canonical":"https:\/\/web.mandolinenorchester-hennef-kurscheid.de\/?page_id=193","og_locale":"de_DE","og_type":"article","og_title":"Mitglied werden - Mandolinenorchester Hennef\u2011Kurscheid 1924 e.V.","og_description":"Werden Sie jetzt Mitglied im Mandolinenorchester! Hinter dem Orchester steht eine gro\u00dfe Zahl an f\u00f6rdernden Mitgliedern, die unsere Aktivit\u00e4ten erst finanziell m\u00f6glich machen. Die Mitglieder unterst\u00fctzen mit ihrem j\u00e4hrlichen Beitrag unsere Jugendausbildung, die Probenarbeit und f\u00f6rdern die Zupfmusik. Als Mitglied verpassen Sie keine Termine des Orchesters mehr. Sie erhalten immer eine Einladung zu unseren Veranstaltungen. &hellip; \u201eMitglied werden\u201c weiterlesen","og_url":"https:\/\/web.mandolinenorchester-hennef-kurscheid.de\/?page_id=193","og_site_name":"Mandolinenorchester Hennef\u2011Kurscheid 1924 e.V.","article_modified_time":"2024-10-19T13:54:05+00:00","twitter_card":"summary_large_image","twitter_misc":{"Gesch\u00e4tzte Lesezeit":"1\u00a0Minute"},"schema":{"@context":"https:\/\/schema.org","@graph":[{"@type":"WebPage","@id":"https:\/\/web.mandolinenorchester-hennef-kurscheid.de\/?page_id=193","url":"https:\/\/web.mandolinenorchester-hennef-kurscheid.de\/?page_id=193","name":"Mitglied werden - Mandolinenorchester Hennef\u2011Kurscheid 1924 e.V.","isPartOf":{"@id":"https:\/\/web.mandolinenorchester-hennef-kurscheid.de\/#website"},"datePublished":"2012-12-08T17:10:58+00:00","dateModified":"2024-10-19T13:54:05+00:00","breadcrumb":{"@id":"https:\/\/web.mandolinenorchester-hennef-kurscheid.de\/?page_id=193#breadcrumb"},"inLanguage":"de","potentialAction":[{"@type":"ReadAction","target":["https:\/\/web.mandolinenorchester-hennef-kurscheid.de\/?page_id=193"]}]},{"@type":"BreadcrumbList","@id":"https:\/\/web.mandolinenorchester-hennef-kurscheid.de\/?page_id=193#breadcrumb","itemListElement":[{"@type":"ListItem","position":1,"name":"Startseite","item":"https:\/\/web.mandolinenorchester-hennef-kurscheid.de\/"},{"@type":"ListItem","position":2,"name":"Mitglied werden"}]},{"@type":"WebSite","@id":"https:\/\/web.mandolinenorchester-hennef-kurscheid.de\/#website","url":"https:\/\/web.mandolinenorchester-hennef-kurscheid.de\/","name":"Mandolinenorchester Hennef\u2011Kurscheid 1924 e.V.","description":"Mitglied im Bund Deutscher Zupfmusiker e.V., Nr. 1055","potentialAction":[{"@type":"SearchAction","target":{"@type":"EntryPoint","urlTemplate":"https:\/\/web.mandolinenorchester-hennef-kurscheid.de\/?s={search_term_string}"},"query-input":{"@type":"PropertyValueSpecification","valueRequired":true,"valueName":"search_term_string"}}],"inLanguage":"de"}]}},"jetpack_sharing_enabled":true,"_links":{"self":[{"href":"https:\/\/web.mandolinenorchester-hennef-kurscheid.de\/index.php?rest_route=\/wp\/v2\/pages\/193","targetHints":{"allow":["GET"]}}],"collection":[{"href":"https:\/\/web.mandolinenorchester-hennef-kurscheid.de\/index.php?rest_route=\/wp\/v2\/pages"}],"about":[{"href":"https:\/\/web.mandolinenorchester-hennef-kurscheid.de\/index.php?rest_route=\/wp\/v2\/types\/page"}],"author":[{"embeddable":true,"href":"https:\/\/web.mandolinenorchester-hennef-kurscheid.de\/index.php?rest_route=\/wp\/v2\/users\/1"}],"replies":[{"embeddable":true,"href":"https:\/\/web.mandolinenorchester-hennef-kurscheid.de\/index.php?rest_route=%2Fwp%2Fv2%2Fcomments&post=193"}],"version-history":[{"count":3,"href":"https:\/\/web.mandolinenorchester-hennef-kurscheid.de\/index.php?rest_route=\/wp\/v2\/pages\/193\/revisions"}],"predecessor-version":[{"id":5466,"href":"https:\/\/web.mandolinenorchester-hennef-kurscheid.de\/index.php?rest_route=\/wp\/v2\/pages\/193\/revisions\/5466"}],"wp:attachment":[{"href":"https:\/\/web.mandolinenorchester-hennef-kurscheid.de\/index.php?rest_route=%2Fwp%2Fv2%2Fmedia&parent=193"}],"curies":[{"name":"wp","href":"https:\/\/api.w.org\/{rel}","templated":true}]}}