{"id":1531,"date":"2011-02-13T14:21:48","date_gmt":"2011-02-13T14:21:48","guid":{"rendered":"http:\/\/www.mandolinenorchester-kurscheid.de\/wp1\/?page_id=2"},"modified":"2024-06-05T14:12:09","modified_gmt":"2024-06-05T12:12:09","slug":"eine-seite","status":"publish","type":"page","link":"https:\/\/web.mandolinenorchester-hennef-kurscheid.de\/?page_id=1531","title":{"rendered":"Vereinsgeschichte"},"content":{"rendered":"<div id=\"ez-toc-container\" class=\"ez-toc-v2_0_82_2 counter-hierarchy ez-toc-counter ez-toc-grey ez-toc-container-direction\">\n<div class=\"ez-toc-title-container\">\n<p class=\"ez-toc-title ez-toc-toggle\" style=\"cursor:pointer\">Inhalt<\/p>\n<span class=\"ez-toc-title-toggle\"><a href=\"#\" class=\"ez-toc-pull-right ez-toc-btn ez-toc-btn-xs ez-toc-btn-default ez-toc-toggle\" aria-label=\"Toggle Table of Content\"><span class=\"ez-toc-js-icon-con\"><span class=\"\"><span class=\"eztoc-hide\" style=\"display:none;\">Toggle<\/span><span class=\"ez-toc-icon-toggle-span\"><svg style=\"fill: #999;color:#999\" xmlns=\"http:\/\/www.w3.org\/2000\/svg\" class=\"list-377408\" width=\"20px\" height=\"20px\" viewBox=\"0 0 24 24\" fill=\"none\"><path d=\"M6 6H4v2h2V6zm14 0H8v2h12V6zM4 11h2v2H4v-2zm16 0H8v2h12v-2zM4 16h2v2H4v-2zm16 0H8v2h12v-2z\" fill=\"currentColor\"><\/path><\/svg><svg style=\"fill: #999;color:#999\" class=\"arrow-unsorted-368013\" xmlns=\"http:\/\/www.w3.org\/2000\/svg\" width=\"10px\" height=\"10px\" viewBox=\"0 0 24 24\" version=\"1.2\" baseProfile=\"tiny\"><path d=\"M18.2 9.3l-6.2-6.3-6.2 6.3c-.2.2-.3.4-.3.7s.1.5.3.7c.2.2.4.3.7.3h11c.3 0 .5-.1.7-.3.2-.2.3-.5.3-.7s-.1-.5-.3-.7zM5.8 14.7l6.2 6.3 6.2-6.3c.2-.2.3-.5.3-.7s-.1-.5-.3-.7c-.2-.2-.4-.3-.7-.3h-11c-.3 0-.5.1-.7.3-.2.2-.3.5-.3.7s.1.5.3.7z\"\/><\/svg><\/span><\/span><\/span><\/a><\/span><\/div>\n<nav><ul class='ez-toc-list ez-toc-list-level-1 ' ><li class='ez-toc-page-1 ez-toc-heading-level-1'><a class=\"ez-toc-link ez-toc-heading-1\" href=\"https:\/\/web.mandolinenorchester-hennef-kurscheid.de\/?page_id=1531\/#Fast_100_Jahre_Mandolinenorchester_Hennef-Kurscheid_1924_eV\" >Fast 100 Jahre Mandolinenorchester Hennef-Kurscheid 1924 e.V.<\/a><ul class='ez-toc-list-level-2' ><li class='ez-toc-heading-level-2'><a class=\"ez-toc-link ez-toc-heading-2\" href=\"https:\/\/web.mandolinenorchester-hennef-kurscheid.de\/?page_id=1531\/#Die_Gruendung\" >Die Gr\u00fcndung<\/a><\/li><li class='ez-toc-page-1 ez-toc-heading-level-2'><a class=\"ez-toc-link ez-toc-heading-3\" href=\"https:\/\/web.mandolinenorchester-hennef-kurscheid.de\/?page_id=1531\/#Der_Neubeginn\" >Der Neubeginn<\/a><\/li><li class='ez-toc-page-1 ez-toc-heading-level-2'><a class=\"ez-toc-link ez-toc-heading-4\" href=\"https:\/\/web.mandolinenorchester-hennef-kurscheid.de\/?page_id=1531\/#Die_Neuorientierung\" >Die Neuorientierung<\/a><\/li><li class='ez-toc-page-1 ez-toc-heading-level-2'><a class=\"ez-toc-link ez-toc-heading-5\" href=\"https:\/\/web.mandolinenorchester-hennef-kurscheid.de\/?page_id=1531\/#Die_Erfolge\" >Die Erfolge<\/a><\/li><li class='ez-toc-page-1 ez-toc-heading-level-2'><a class=\"ez-toc-link ez-toc-heading-6\" href=\"https:\/\/web.mandolinenorchester-hennef-kurscheid.de\/?page_id=1531\/#Aktuell\" >Aktuell<\/a><\/li><\/ul><\/li><\/ul><\/nav><\/div>\n\n<h1 class=\"wp-block-heading\"><span class=\"ez-toc-section\" id=\"Fast_100_Jahre_Mandolinenorchester_Hennef-Kurscheid_1924_eV\"><\/span><strong>Fast 100 Jahre Mandolinenorchester Hennef-Kurscheid 1924 e.V.<\/strong><span class=\"ez-toc-section-end\"><\/span><\/h1>\n\n\n\n<h2 class=\"wp-block-heading\"><span class=\"ez-toc-section\" id=\"Die_Gruendung\"><\/span><strong>Die Gr\u00fcndung<\/strong><span class=\"ez-toc-section-end\"><\/span><\/h2>\n\n\n\n<p>Seit fast 100 Jahren erklingt Zupfmusik in Hennef. Dieses Jubil\u00e4um erf\u00fcllt das Mandolinenorchester Hennef-Kurscheid mit Stolz. Schlie\u00dflich geh\u00f6ren unsere Vereinsgr\u00fcnder zu den Pionieren unserer Zupfmusik. 1924 gr\u00fcndete Eduard H\u00f6hner und sein Bruder Karl in ihrem Elternhaus in Hennef-Kurscheid&nbsp; den Wanderclub \u201eHeimatkl\u00e4nge\u201c Kurscheid und Umgebung. Liebe zur Natur und zur Heimat, Pflege des Wandersports, des Gesangs und der Zupfmusik waren die Ziele des jungen Vereins. In einheitlicher Kleidung wanderten die jungen Leute mit wehendem Wimpel und klingendem Spiel in die engere und weitere Heimat.<\/p>\n\n\n\n<h2 class=\"wp-block-heading\"><span class=\"ez-toc-section\" id=\"Der_Neubeginn\"><\/span><strong>Der Neubeginn <\/strong><span class=\"ez-toc-section-end\"><\/span><\/h2>\n\n\n\n<p>Mit Beginn des 2. Weltkriegs kam das Vereinsleben zum erliegen. Der Neuanfang wurde 1947 vollbracht. Es fanden sich noch gen\u00fcgend Instrumente und so konnten die Proben sofort wieder aufgenommen werden. Nach dem Kriege war ein neuer Zeitgeist entstanden. Niemand dachte mehr an Wanderungen und Wanderfahrten. Die musikalische Weiterentwicklung stand im Vordergrund. Dirigenten, wie Peter Zens, Franz Borsari, Wilhelm Breuer, Hermann Willnecker oder Rudolf Steinb\u00fcchel setzten Ma\u00dfst\u00e4be.<\/p>\n\n\n\n<h2 class=\"wp-block-heading\"><span class=\"ez-toc-section\" id=\"Die_Neuorientierung\"><\/span><strong>Die Neuorientierung<\/strong><span class=\"ez-toc-section-end\"><\/span><\/h2>\n\n\n\n<p>Mit Rudolf Steinb\u00fcchel&nbsp; gelang dem Orchester endg\u00fcltig der Wandel zur konzertanten Zupfmusik. Von 1968 bis 1982 leitete er das Orchester und vollbrachte mit ihm eine bemerkenswerte musikalische Fortentwicklung. Auch in der Vereinsf\u00fchrung vollzog sich ein erheblicher Wandel; nachdem 1965 der bisherige Vorsitzende und Vereinsgr\u00fcnder Eduard H\u00f6hner nicht mehr zur Wiederwahl zur Verf\u00fcgung stand, lag die Vereinsf\u00fchrung abwechselnd bei Heinrich Kraus, Wolfgang Trojan und von 1973 bis 1990 bei Josef Hochstetter. Auf seine Initiative geht die Neugr\u00fcndung einer Sch\u00fclergruppe zur\u00fcck. Er hatte erkannt, dass ein l\u00e4ndlicher Musikverein nur dann eine Chance zum \u00dcberleben hat, wenn der Spielernachwuchs gesichert ist. Diese Entscheidung, wie auch die musikalische Leistung Rudolf Steinb\u00fcchels,&nbsp;sind der Grundstock unseres heutigen Erfolges. 1978 vollbrachten Verein und Orchester dank einer Initiative von Norbert Kaufmann mit der Ausrichtung des Bundesmusikfester unter Schirmherrschaft des damaligen Bonner Oberb\u00fcrgermeisters eine Glanzleistung: &nbsp;Mehr als 40 Zupforchester und Ensembles aus Japan, \u00d6sterreich, der Schweiz, den USA und der Bundesrepublik stellten sich in 12 Konzerten in Bonn, Hennef und Umgebung in der Zeit vom 04. bis 07. Mai 1978 vor. Die damalige Leistung des Orchesters beschrieb der Bonner Generalanzeiger am 06.05.1978 wie folgt: \u201eVon Laienmusik wagte man gar nicht zu sprechen angesichts der brillanten Darbietung, mit denen das Mandolinenorchester Hennef-Kurscheid unter der Leitung von Rudolf Steinb\u00fcchel das Internationale Musikfest auf der Godesburg einleitete\u201c.<\/p>\n\n\n\n<h2 class=\"wp-block-heading\"><span class=\"ez-toc-section\" id=\"Die_Erfolge\"><\/span><strong>Die Erfolge<\/strong><span class=\"ez-toc-section-end\"><\/span><\/h2>\n\n\n\n<p>Von&nbsp;1983 bis&nbsp;2007&nbsp;lag die musikalische Leitung des Orchesters in den H\u00e4nden von Albert Seibert. Er hat&nbsp;in dieser Zeit das hohe spielerische Niveau weiter ausgebaut und stetig neue Impulse vermittelt. Nach und nach gelang es ihm, bei Orchester und Publikum ein neues Programmkonzept durchzusetzen. Der Weg f\u00fchrte zu Neukompositionen f\u00fcr Zupfmusik wie aber auch zu vermehrter R\u00fcckbesinnung auf die Zupfmusik der Barockzeit. Noch heute besteht das Repertoire aus anspruchsvoller moderner Originalzupfmusik, Bearbeitungen von Werken der Romantik, Begleitmusik f\u00fcr Ch\u00f6re und Gesang. &nbsp;Die eigenen Konzerte des Erwachsenenorchesters sind mittlerweile eine feste Gr\u00f6\u00dfe im Kulturleben der Stadt Hennef. Die Vereinsf\u00fchrung &nbsp;lag von&nbsp;1990 bis 2012 in den H\u00e4nden von Hans Witzmann, der mit viel Einf\u00fchlungsverm\u00f6gen, organisatorisches Geschick und gro\u00dfem pers\u00f6nlichen Engagement die Entwicklung des Vereins mit beeinflusst hat.<\/p>\n\n\n\n<h2 class=\"wp-block-heading\"><span class=\"ez-toc-section\" id=\"Aktuell\"><\/span><strong>Aktuell<\/strong><span class=\"ez-toc-section-end\"><\/span><\/h2>\n\n\n\n<p>Seit&nbsp;2007 liegt die musikalische Leitung des Orchesters bei Elke Limbach, die mit&nbsp;gro\u00dfem Talent, K\u00f6nnen und&nbsp;herausragender Professionalit\u00e4t das Orchester permanent fordert und sowohl Spieler als auch Zuh\u00f6rer immer wieder begeistert.<\/p>\n\n\n\n<p>Bei der Programmgestaltung werden ausschlie\u00dflich Originalwerke und stilgerechte Arrangements f\u00fcr Zupforchester ausgew\u00e4hlt, die den Zuh\u00f6rern regelm\u00e4\u00dfig in Kirchenkonzerten dargeboten werden. Themenkonzerte in der Stadt Hennef runden die musikalische Bandbreite ab. Vor neuer Literatur schreckt das Orchester nicht zur\u00fcck und genie\u00dft auch&nbsp;die besondere Herausforderung von zeitgen\u00f6ssischen Komponisten. Die vielen St\u00e4dtepartnerschaften der Stadt Hennef erm\u00f6glichen regelm\u00e4\u00dfig internationale Auftritte und einen regen musikalischen Austausch.&nbsp;&nbsp;Auch werden alle zwei Jahre Konzertreisen unternommen.&nbsp; Die letzten Reisen gingen nach Holland, Norddeutschland, England, Tschechien und Ungarn.<\/p>\n\n\n\n<p>Besonderen Wert wird auf die F\u00f6rderung von Nachwuchs gelegt. Durch die Ausbildung zahlreicher Sch\u00fcler auf h\u00f6chstem Niveau durch von <a href=\"https:\/\/elkelimbach.de\/\" target=\"_blank\" aria-label=\" (opens in a new tab)\" rel=\"noreferrer noopener\" class=\"ek-link\">Elke Limbach<\/a> kann der Verein frohen Mutes in die Zukunft schauen. Den vielen jungen Spielern wird parallmit dem Jugendzupforchester &#8222;pizzicato&#8220; ein erster Einstieg in das Orchesterspiel und sp\u00e4ter ein nahtloser \u00dcbergang in das Erwachsenenorchester erm\u00f6glicht. Mit Selbstverst\u00e4ndlichkeit werden auch weiterf\u00fchrende BDZ-Lehrg\u00e4nge und Ferienfreizeiten des LJZO NRW bezuschusst. So auch ein Mentorenkurs in der Landesakademie Rheinland-Pfalz, an dem drei Sch\u00fclerinnen mit gro\u00dfem Erfolg teilgenommen haben. Eine dieser Mentorinnen &#8211; Eva Pischel &#8211; hat 2012 die Leitung des Jugendzupforchesters mit Beratung und Begleitung durch <a aria-label=\" (opens in a new tab)\" href=\"https:\/\/elkelimbach.de\/\" target=\"_blank\" rel=\"noreferrer noopener\" class=\"ek-link\">Elke Limbach<\/a> \u00fcbernommen.<\/p>\n\n\n\n<p>So z\u00e4hlt der Verein heute ca. 130 Mitglieder; davon wirken etwa 35 Mitglieder aktiv in den verschiedenen Ensembles (Erwachsenenorchester und Jugendzupforchester) mit.<\/p>\n","protected":false},"excerpt":{"rendered":"<p>Fast 100 Jahre Mandolinenorchester Hennef-Kurscheid 1924 e.V. Die Gr\u00fcndung Seit fast 100 Jahren erklingt Zupfmusik in Hennef. Dieses Jubil\u00e4um erf\u00fcllt das Mandolinenorchester Hennef-Kurscheid mit Stolz. Schlie\u00dflich geh\u00f6ren unsere Vereinsgr\u00fcnder zu den Pionieren unserer Zupfmusik. 1924 gr\u00fcndete Eduard H\u00f6hner und sein Bruder Karl in ihrem Elternhaus in Hennef-Kurscheid&nbsp; den Wanderclub \u201eHeimatkl\u00e4nge\u201c Kurscheid und Umgebung. Liebe zur &hellip; <\/p>\n<p class=\"link-more\"><a href=\"https:\/\/web.mandolinenorchester-hennef-kurscheid.de\/?page_id=1531\" class=\"more-link\"><span class=\"screen-reader-text\">\u201eVereinsgeschichte\u201c <\/span>weiterlesen<\/a><\/p>\n","protected":false},"author":1,"featured_media":0,"parent":0,"menu_order":85,"comment_status":"open","ping_status":"open","template":"","meta":{"_editorskit_title_hidden":false,"_editorskit_reading_time":0,"_editorskit_is_block_options_detached":false,"_editorskit_block_options_position":"{}","inline_featured_image":false,"footnotes":""},"class_list":["post-1531","page","type-page","status-publish","hentry"],"yoast_head":"<!-- This site is optimized with the Yoast SEO plugin v27.5 - https:\/\/yoast.com\/product\/yoast-seo-wordpress\/ -->\n<title>Vereinsgeschichte - Mandolinenorchester Hennef\u2011Kurscheid 1924 e.V.<\/title>\n<meta name=\"robots\" content=\"index, follow, max-snippet:-1, max-image-preview:large, max-video-preview:-1\" \/>\n<link rel=\"canonical\" href=\"https:\/\/web.mandolinenorchester-hennef-kurscheid.de\/?page_id=1531\" \/>\n<meta property=\"og:locale\" content=\"de_DE\" \/>\n<meta property=\"og:type\" content=\"article\" \/>\n<meta property=\"og:title\" content=\"Vereinsgeschichte - Mandolinenorchester Hennef\u2011Kurscheid 1924 e.V.\" \/>\n<meta property=\"og:description\" content=\"Fast 100 Jahre Mandolinenorchester Hennef-Kurscheid 1924 e.V. Die Gr\u00fcndung Seit fast 100 Jahren erklingt Zupfmusik in Hennef. Dieses Jubil\u00e4um erf\u00fcllt das Mandolinenorchester Hennef-Kurscheid mit Stolz. Schlie\u00dflich geh\u00f6ren unsere Vereinsgr\u00fcnder zu den Pionieren unserer Zupfmusik. 1924 gr\u00fcndete Eduard H\u00f6hner und sein Bruder Karl in ihrem Elternhaus in Hennef-Kurscheid&nbsp; den Wanderclub \u201eHeimatkl\u00e4nge\u201c Kurscheid und Umgebung. Liebe zur &hellip; \u201eVereinsgeschichte\u201c weiterlesen\" \/>\n<meta property=\"og:url\" content=\"https:\/\/web.mandolinenorchester-hennef-kurscheid.de\/?page_id=1531\" \/>\n<meta property=\"og:site_name\" content=\"Mandolinenorchester Hennef\u2011Kurscheid 1924 e.V.\" \/>\n<meta property=\"article:modified_time\" content=\"2024-06-05T12:12:09+00:00\" \/>\n<meta name=\"twitter:card\" content=\"summary_large_image\" \/>\n<meta name=\"twitter:label1\" content=\"Gesch\u00e4tzte Lesezeit\" \/>\n\t<meta name=\"twitter:data1\" content=\"5\u00a0Minuten\" \/>\n<script type=\"application\/ld+json\" class=\"yoast-schema-graph\">{\"@context\":\"https:\\\/\\\/schema.org\",\"@graph\":[{\"@type\":\"WebPage\",\"@id\":\"https:\\\/\\\/web.mandolinenorchester-hennef-kurscheid.de\\\/?page_id=1531\",\"url\":\"https:\\\/\\\/web.mandolinenorchester-hennef-kurscheid.de\\\/?page_id=1531\",\"name\":\"Vereinsgeschichte - Mandolinenorchester Hennef\u2011Kurscheid 1924 e.V.\",\"isPartOf\":{\"@id\":\"https:\\\/\\\/web.mandolinenorchester-hennef-kurscheid.de\\\/#website\"},\"datePublished\":\"2011-02-13T14:21:48+00:00\",\"dateModified\":\"2024-06-05T12:12:09+00:00\",\"breadcrumb\":{\"@id\":\"https:\\\/\\\/web.mandolinenorchester-hennef-kurscheid.de\\\/?page_id=1531#breadcrumb\"},\"inLanguage\":\"de\",\"potentialAction\":[{\"@type\":\"ReadAction\",\"target\":[\"https:\\\/\\\/web.mandolinenorchester-hennef-kurscheid.de\\\/?page_id=1531\"]}]},{\"@type\":\"BreadcrumbList\",\"@id\":\"https:\\\/\\\/web.mandolinenorchester-hennef-kurscheid.de\\\/?page_id=1531#breadcrumb\",\"itemListElement\":[{\"@type\":\"ListItem\",\"position\":1,\"name\":\"Startseite\",\"item\":\"https:\\\/\\\/web.mandolinenorchester-hennef-kurscheid.de\\\/\"},{\"@type\":\"ListItem\",\"position\":2,\"name\":\"Vereinsgeschichte\"}]},{\"@type\":\"WebSite\",\"@id\":\"https:\\\/\\\/web.mandolinenorchester-hennef-kurscheid.de\\\/#website\",\"url\":\"https:\\\/\\\/web.mandolinenorchester-hennef-kurscheid.de\\\/\",\"name\":\"Mandolinenorchester Hennef\u2011Kurscheid 1924 e.V.\",\"description\":\"Mitglied im Bund Deutscher Zupfmusiker e.V., Nr. 1055\",\"potentialAction\":[{\"@type\":\"SearchAction\",\"target\":{\"@type\":\"EntryPoint\",\"urlTemplate\":\"https:\\\/\\\/web.mandolinenorchester-hennef-kurscheid.de\\\/?s={search_term_string}\"},\"query-input\":{\"@type\":\"PropertyValueSpecification\",\"valueRequired\":true,\"valueName\":\"search_term_string\"}}],\"inLanguage\":\"de\"}]}<\/script>\n<!-- \/ Yoast SEO plugin. -->","yoast_head_json":{"title":"Vereinsgeschichte - Mandolinenorchester Hennef\u2011Kurscheid 1924 e.V.","robots":{"index":"index","follow":"follow","max-snippet":"max-snippet:-1","max-image-preview":"max-image-preview:large","max-video-preview":"max-video-preview:-1"},"canonical":"https:\/\/web.mandolinenorchester-hennef-kurscheid.de\/?page_id=1531","og_locale":"de_DE","og_type":"article","og_title":"Vereinsgeschichte - Mandolinenorchester Hennef\u2011Kurscheid 1924 e.V.","og_description":"Fast 100 Jahre Mandolinenorchester Hennef-Kurscheid 1924 e.V. Die Gr\u00fcndung Seit fast 100 Jahren erklingt Zupfmusik in Hennef. Dieses Jubil\u00e4um erf\u00fcllt das Mandolinenorchester Hennef-Kurscheid mit Stolz. Schlie\u00dflich geh\u00f6ren unsere Vereinsgr\u00fcnder zu den Pionieren unserer Zupfmusik. 1924 gr\u00fcndete Eduard H\u00f6hner und sein Bruder Karl in ihrem Elternhaus in Hennef-Kurscheid&nbsp; den Wanderclub \u201eHeimatkl\u00e4nge\u201c Kurscheid und Umgebung. Liebe zur &hellip; \u201eVereinsgeschichte\u201c weiterlesen","og_url":"https:\/\/web.mandolinenorchester-hennef-kurscheid.de\/?page_id=1531","og_site_name":"Mandolinenorchester Hennef\u2011Kurscheid 1924 e.V.","article_modified_time":"2024-06-05T12:12:09+00:00","twitter_card":"summary_large_image","twitter_misc":{"Gesch\u00e4tzte Lesezeit":"5\u00a0Minuten"},"schema":{"@context":"https:\/\/schema.org","@graph":[{"@type":"WebPage","@id":"https:\/\/web.mandolinenorchester-hennef-kurscheid.de\/?page_id=1531","url":"https:\/\/web.mandolinenorchester-hennef-kurscheid.de\/?page_id=1531","name":"Vereinsgeschichte - Mandolinenorchester Hennef\u2011Kurscheid 1924 e.V.","isPartOf":{"@id":"https:\/\/web.mandolinenorchester-hennef-kurscheid.de\/#website"},"datePublished":"2011-02-13T14:21:48+00:00","dateModified":"2024-06-05T12:12:09+00:00","breadcrumb":{"@id":"https:\/\/web.mandolinenorchester-hennef-kurscheid.de\/?page_id=1531#breadcrumb"},"inLanguage":"de","potentialAction":[{"@type":"ReadAction","target":["https:\/\/web.mandolinenorchester-hennef-kurscheid.de\/?page_id=1531"]}]},{"@type":"BreadcrumbList","@id":"https:\/\/web.mandolinenorchester-hennef-kurscheid.de\/?page_id=1531#breadcrumb","itemListElement":[{"@type":"ListItem","position":1,"name":"Startseite","item":"https:\/\/web.mandolinenorchester-hennef-kurscheid.de\/"},{"@type":"ListItem","position":2,"name":"Vereinsgeschichte"}]},{"@type":"WebSite","@id":"https:\/\/web.mandolinenorchester-hennef-kurscheid.de\/#website","url":"https:\/\/web.mandolinenorchester-hennef-kurscheid.de\/","name":"Mandolinenorchester Hennef\u2011Kurscheid 1924 e.V.","description":"Mitglied im Bund Deutscher Zupfmusiker e.V., Nr. 1055","potentialAction":[{"@type":"SearchAction","target":{"@type":"EntryPoint","urlTemplate":"https:\/\/web.mandolinenorchester-hennef-kurscheid.de\/?s={search_term_string}"},"query-input":{"@type":"PropertyValueSpecification","valueRequired":true,"valueName":"search_term_string"}}],"inLanguage":"de"}]}},"jetpack_sharing_enabled":true,"_links":{"self":[{"href":"https:\/\/web.mandolinenorchester-hennef-kurscheid.de\/index.php?rest_route=\/wp\/v2\/pages\/1531","targetHints":{"allow":["GET"]}}],"collection":[{"href":"https:\/\/web.mandolinenorchester-hennef-kurscheid.de\/index.php?rest_route=\/wp\/v2\/pages"}],"about":[{"href":"https:\/\/web.mandolinenorchester-hennef-kurscheid.de\/index.php?rest_route=\/wp\/v2\/types\/page"}],"author":[{"embeddable":true,"href":"https:\/\/web.mandolinenorchester-hennef-kurscheid.de\/index.php?rest_route=\/wp\/v2\/users\/1"}],"replies":[{"embeddable":true,"href":"https:\/\/web.mandolinenorchester-hennef-kurscheid.de\/index.php?rest_route=%2Fwp%2Fv2%2Fcomments&post=1531"}],"version-history":[{"count":8,"href":"https:\/\/web.mandolinenorchester-hennef-kurscheid.de\/index.php?rest_route=\/wp\/v2\/pages\/1531\/revisions"}],"predecessor-version":[{"id":5357,"href":"https:\/\/web.mandolinenorchester-hennef-kurscheid.de\/index.php?rest_route=\/wp\/v2\/pages\/1531\/revisions\/5357"}],"wp:attachment":[{"href":"https:\/\/web.mandolinenorchester-hennef-kurscheid.de\/index.php?rest_route=%2Fwp%2Fv2%2Fmedia&parent=1531"}],"curies":[{"name":"wp","href":"https:\/\/api.w.org\/{rel}","templated":true}]}}